{"id":286430,"date":"2024-01-16T11:53:50","date_gmt":"2024-01-16T16:53:50","guid":{"rendered":"https:\/\/wedicorp.com\/?page_id=286430"},"modified":"2024-05-28T10:40:21","modified_gmt":"2024-05-28T15:40:21","slug":"workshop-registration","status":"publish","type":"page","link":"https:\/\/wedicorp.com\/ru\/workshop-registration\/","title":{"rendered":"\u0420\u0435\u0433\u0438\u0441\u0442\u0440\u0430\u0446\u0438\u044f \u043d\u0430 \u0441\u0435\u043c\u0438\u043d\u0430\u0440"},"content":{"rendered":"<p>[et_pb_section fb_built=&#8221;1&#8243; _builder_version=&#8221;4.24.2&#8243; _module_preset=&#8221;default&#8221; custom_margin=&#8221;||-94px|||&#8221; global_colors_info=&#8221;{}&#8221; custom_padding=&#8221;22px|||||&#8221;][et_pb_row _builder_version=&#8221;4.24.2&#8243; _module_preset=&#8221;default&#8221; global_colors_info=&#8221;{}&#8221;][et_pb_column type=&#8221;4_4&#8243; _builder_version=&#8221;4.24.2&#8243; _module_preset=&#8221;default&#8221; global_colors_info=&#8221;{}&#8221;][et_pb_text _builder_version=&#8221;4.25.1&#8243; _module_preset=&#8221;default&#8221; text_font_size=&#8221;36px&#8221; text_line_height=&#8221;1em&#8221; header_line_height=&#8221;1.1em&#8221; custom_margin=&#8221;||0px|0px|false|false&#8221; custom_padding=&#8221;||0px|0px|false|false&#8221; hover_enabled=&#8221;0&#8243; global_colors_info=&#8221;{}&#8221; sticky_enabled=&#8221;0&#8243;]<\/p>\n<h3 style=\"color: #00aeef; line-height: 27px;\">wedi<strong> Workshop Registration<\/strong><\/h3>\n<p>Please enter your information carefully to receive your wedi Certificate upon completion of a workshop.<\/p>\n<p>[\/et_pb_text][et_pb_text _builder_version=&#8221;4.24.2&#8243; _module_preset=&#8221;default&#8221; global_colors_info=&#8221;{}&#8221; custom_padding=&#8221;||1px|||&#8221;]<\/p>\n<p>If you are renewing your certificate, please use the same name\/email address used to obtain your original certificate.<\/p>\n<p>[\/et_pb_text][et_pb_text _builder_version=&#8221;4.23.4&#8243; _module_preset=&#8221;default&#8221; custom_margin=&#8221;-61px|||||&#8221; global_colors_info=&#8221;{}&#8221;]<\/p>\n<p><span><div class=\"wpforms-container wpforms-container-full\" id=\"wpforms-286427\"><form id=\"wpforms-form-286427\" class=\"wpforms-validate wpforms-form wpforms-ajax-form\" data-formid=\"286427\" method=\"post\" enctype=\"multipart\/form-data\" action=\"\/ru\/wp-json\/wp\/v2\/pages\/286430\" data-token=\"54d23b12937b422c4f4f723c1c3228e5\" data-token-time=\"1776290174\"><noscript class=\"wpforms-error-noscript\">\u0414\u043b\u044f \u0437\u0430\u043f\u043e\u043b\u043d\u0435\u043d\u0438\u044f \u0434\u0430\u043d\u043d\u043e\u0439 \u0444\u043e\u0440\u043c\u044b \u0432\u043a\u043b\u044e\u0447\u0438\u0442\u0435 JavaScript \u0432 \u0431\u0440\u0430\u0443\u0437\u0435\u0440\u0435.<\/noscript><div class=\"wpforms-field-container\"><div id=\"wpforms-286427-field_0-container\" class=\"wpforms-field wpforms-field-name\" data-field-id=\"0\"><label class=\"wpforms-field-label\" for=\"wpforms-286427-field_0\">First Name \/ Nombre \/ Pr\u00e9nom <span class=\"wpforms-required-label\">*<\/span><\/label><input type=\"text\" id=\"wpforms-286427-field_0\" class=\"wpforms-field-large wpforms-field-required\" name=\"wpforms[fields][0]\" placeholder=\"First Name Only\" required><\/div><div id=\"wpforms-286427-field_13-container\" class=\"wpforms-field wpforms-field-name\" data-field-id=\"13\"><label class=\"wpforms-field-label\" for=\"wpforms-286427-field_13\">Last Name \/ Apellido \/ Nom de famille <span class=\"wpforms-required-label\">*<\/span><\/label><input type=\"text\" id=\"wpforms-286427-field_13\" class=\"wpforms-field-large wpforms-field-required\" name=\"wpforms[fields][13]\" placeholder=\"Last Name Only\" required><\/div><div id=\"wpforms-286427-field_1-container\" class=\"wpforms-field wpforms-field-email\" data-field-id=\"1\"><label class=\"wpforms-field-label\" for=\"wpforms-286427-field_1\">Email \/ Correo electr\u00f3nico \/ Courriel <span class=\"wpforms-required-label\">*<\/span><\/label><input type=\"email\" id=\"wpforms-286427-field_1\" class=\"wpforms-field-large wpforms-field-required\" name=\"wpforms[fields][1]\" spellcheck=\"false\" required><\/div><div id=\"wpforms-286427-field_10-container\" class=\"wpforms-field wpforms-field-text\" data-field-id=\"10\"><label class=\"wpforms-field-label\" for=\"wpforms-286427-field_10\">Company \/ Empresa \/ Entreprise<\/label><input type=\"text\" id=\"wpforms-286427-field_10\" class=\"wpforms-field-large\" name=\"wpforms[fields][10]\" ><\/div><div id=\"wpforms-286427-field_9-container\" class=\"wpforms-field wpforms-field-phone\" data-field-id=\"9\"><label class=\"wpforms-field-label\" for=\"wpforms-286427-field_9\">Phone \/ Tel\u00e9fono \/ T\u00e9l\u00e9phone<\/label><input type=\"tel\" id=\"wpforms-286427-field_9\" class=\"wpforms-field-large wpforms-smart-phone-field\" data-rule-smart-phone-field=\"true\" name=\"wpforms[fields][9]\" aria-label=\"Phone \/ Tel\u00e9fono \/ T\u00e9l\u00e9phone\" ><\/div><div id=\"wpforms-286427-field_22-container\" class=\"wpforms-field wpforms-field-text\" data-field-id=\"22\"><label class=\"wpforms-field-label\" for=\"wpforms-286427-field_22\">Address \/ Direcci\u00f3n \/ Adresse<\/label><input type=\"text\" id=\"wpforms-286427-field_22\" class=\"wpforms-field-medium\" name=\"wpforms[fields][22]\" placeholder=\"Optional\" ><\/div><div id=\"wpforms-286427-field_23-container\" class=\"wpforms-field wpforms-field-text\" data-field-id=\"23\"><label class=\"wpforms-field-label\" for=\"wpforms-286427-field_23\">Workshop City \/ Ciudad Taller \/ Ville-atelier <span class=\"wpforms-required-label\">*<\/span><\/label><input type=\"text\" id=\"wpforms-286427-field_23\" class=\"wpforms-field-medium wpforms-field-required\" name=\"wpforms[fields][23]\" placeholder=\"The city where the workshop you are attending is being hosted\" required><\/div><div id=\"wpforms-286427-field_24-container\" class=\"wpforms-field wpforms-field-text\" data-field-id=\"24\"><label class=\"wpforms-field-label\" for=\"wpforms-286427-field_24\">Workshop State \/ Taller Estado \/ \u00c9tat de l&#039;atelier <span class=\"wpforms-required-label\">*<\/span><\/label><input type=\"text\" id=\"wpforms-286427-field_24\" class=\"wpforms-field-medium wpforms-field-required\" name=\"wpforms[fields][24]\" placeholder=\"The state where the workshop you are attending is being hosted\" required><\/div><div id=\"wpforms-286427-field_25-container\" class=\"wpforms-field wpforms-field-radio\" data-field-id=\"25\"><label class=\"wpforms-field-label\">Have you attended a wedi Certified Installer Workshop before? \/ \u00bfHa asistido antes a un taller wedi para instaladores certificados? \/ Avez-vous d\u00e9j\u00e0 particip\u00e9 \u00e0 un atelier d&#039;installateur certifi\u00e9 wedi ?<\/label><ul id=\"wpforms-286427-field_25\"><li class=\"choice-1 depth-1\"><input type=\"radio\" id=\"wpforms-286427-field_25_1\" name=\"wpforms[fields][25]\" value=\"Yes\"  ><label class=\"wpforms-field-label-inline\" for=\"wpforms-286427-field_25_1\">Yes<\/label><\/li><li class=\"choice-2 depth-1\"><input type=\"radio\" id=\"wpforms-286427-field_25_2\" name=\"wpforms[fields][25]\" value=\"No\"  ><label class=\"wpforms-field-label-inline\" for=\"wpforms-286427-field_25_2\">No<\/label><\/li><\/ul><\/div><div id=\"wpforms-286427-field_26-container\" class=\"wpforms-field wpforms-field-radio\" data-field-id=\"26\"><label class=\"wpforms-field-label\">Have you attended a wedi Certified Installer PRO Workshop before? \/ \u00bfHa asistido anteriormente a un taller wedi Certified Installer PRO? \/ Avez-vous d\u00e9j\u00e0 particip\u00e9 \u00e0 un atelier wedi Certified Installer PRO ?<\/label><ul id=\"wpforms-286427-field_26\"><li class=\"choice-1 depth-1\"><input type=\"radio\" id=\"wpforms-286427-field_26_1\" name=\"wpforms[fields][26]\" value=\"Yes\"  ><label class=\"wpforms-field-label-inline\" for=\"wpforms-286427-field_26_1\">Yes<\/label><\/li><li class=\"choice-2 depth-1\"><input type=\"radio\" id=\"wpforms-286427-field_26_2\" name=\"wpforms[fields][26]\" value=\"No\"  ><label class=\"wpforms-field-label-inline\" for=\"wpforms-286427-field_26_2\">No<\/label><\/li><\/ul><\/div><div id=\"wpforms-286427-field_27-container\" class=\"wpforms-field wpforms-field-text\" data-field-id=\"27\"><label class=\"wpforms-field-label\" for=\"wpforms-286427-field_27\">If you have attended a PRO workshop before, please enter your PRO number if you know it: \/ Si ha asistido anteriormente a un taller PRO, introduzca su n\u00famero PRO si lo conoce: \/ Si vous avez d\u00e9j\u00e0 particip\u00e9 \u00e0 un atelier PRO, veuillez indiquer votre num\u00e9ro PRO si vous le connaissez : <\/label><input type=\"text\" id=\"wpforms-286427-field_27\" class=\"wpforms-field-medium\" name=\"wpforms[fields][27]\" ><\/div><div id=\"wpforms-286427-field_28-container\" class=\"wpforms-field wpforms-field-text\" data-field-id=\"28\"><label class=\"wpforms-field-label\" for=\"wpforms-286427-field_28\">What brand of shower system do you usually use, or prefer to use? \/ \u00bfQu\u00e9 marca de sistema de ducha utiliza habitualmente o prefiere utilizar? \/ Quelle marque de syst\u00e8me de douche utilisez-vous habituellement ou pr\u00e9f\u00e9rez-vous utiliser ?<\/label><input type=\"text\" id=\"wpforms-286427-field_28\" class=\"wpforms-field-medium\" name=\"wpforms[fields][28]\" ><\/div><div id=\"wpforms-286427-field_29-container\" class=\"wpforms-field wpforms-field-text\" data-field-id=\"29\"><label class=\"wpforms-field-label\" for=\"wpforms-286427-field_29\">How did you hear about this workshop? (Ie. Website, social media, a retail location, directly from a wedi Employee, etc.) \/ \u00bfC\u00f3mo se ha enterado de la existencia de este taller? (Por ejemplo, a trav\u00e9s de la p\u00e1gina web, de las redes sociales, de un punto de venta, directamente de un empleado de wedi, etc.) \/ Comment avez-vous entendu parler de cet atelier (site Internet, m\u00e9dias sociaux, point de vente, directement par un employ\u00e9 de wedi, etc.) <span class=\"wpforms-required-label\">*<\/span><\/label><input type=\"text\" id=\"wpforms-286427-field_29\" class=\"wpforms-field-medium wpforms-field-required\" name=\"wpforms[fields][29]\" required><\/div><div id=\"wpforms-286427-field_30-container\" class=\"wpforms-field wpforms-field-text\" data-field-id=\"30\"><label class=\"wpforms-field-label\" for=\"wpforms-286427-field_30\">If you have used wedi before, where do you usually purchase wedi products? \/ Si ha utilizado wedi anteriormente, \u00bfd\u00f3nde suele comprar los productos wedi? \/ Si vous avez d\u00e9j\u00e0 utilis\u00e9 wedi, o\u00f9 achetez-vous habituellement les produits wedi ? <span class=\"wpforms-required-label\">*<\/span><\/label><input type=\"text\" id=\"wpforms-286427-field_30\" class=\"wpforms-field-medium wpforms-field-required\" name=\"wpforms[fields][30]\" required><\/div><\/div><!-- .wpforms-field-container --><div class=\"wpforms-submit-container\" ><input type=\"hidden\" name=\"wpforms[id]\" value=\"286427\"><input type=\"hidden\" name=\"page_title\" value=\"\"><input type=\"hidden\" name=\"page_url\" value=\"https:\/\/wedicorp.com\/ru\/wp-json\/wp\/v2\/pages\/286430\"><input type=\"hidden\" name=\"url_referer\" value=\"\"><button type=\"submit\" name=\"wpforms[submit]\" id=\"wpforms-submit-286427\" class=\"wpforms-submit\" data-alt-text=\"Sending...\" data-submit-text=\"Submit \/ Enviar \/ Soumettre\" aria-live=\"assertive\" value=\"wpforms-submit\">Submit \/ Enviar \/ Soumettre<\/button><img loading=\"lazy\" decoding=\"async\" src=\"https:\/\/wedicorp.com\/wp-content\/plugins\/wpforms\/assets\/images\/submit-spin.svg\" class=\"wpforms-submit-spinner\" style=\"display: none;\" width=\"26\" height=\"26\" alt=\"\u0417\u0430\u0433\u0440\u0443\u0437\u043a\u0430\"><\/div><\/form><\/div>  <!-- .wpforms-container --><\/span><\/p>\n<p>[\/et_pb_text][et_pb_text _builder_version=&#8221;4.24.2&#8243; _module_preset=&#8221;default&#8221; global_colors_info=&#8221;{}&#8221;]<\/p>\n<h5 style=\"font-size: 12px; line-height: 15px;\">wedi collects and uses your personal information to operate the wedi website and deliver the services you have requested. wedi does not sell, rent or lease its customer lists to third parties. For more information, please read our full <span style=\"text-decoration: underline;\"><span style=\"color: #ff00ff;\"><a href=\"https:\/\/wedicorp.com\/en\/data-protection\/\" style=\"color: #00aeef; text-decoration: underline;\">Privacy Policy<\/a><\/span><\/span>.<\/h5>\n<p>[\/et_pb_text][\/et_pb_column][\/et_pb_row][\/et_pb_section]<\/p>\n","protected":false},"excerpt":{"rendered":"<p>wedi Workshop Registration Please enter your information carefully to receive your wedi Certificate upon completion of a workshop.If you are renewing your certificate, please use the same name\/email address used to obtain your original certificate.<div class=\"wpforms-container wpforms-container-full\" id=\"wpforms-286427\"><form id=\"wpforms-form-286427\" class=\"wpforms-validate wpforms-form wpforms-ajax-form\" data-formid=\"286427\" method=\"post\" enctype=\"multipart\/form-data\" action=\"\/ru\/wp-json\/wp\/v2\/pages\/286430\" data-token=\"54d23b12937b422c4f4f723c1c3228e5\" data-token-time=\"1776290175\"><noscript class=\"wpforms-error-noscript\">\u0414\u043b\u044f \u0437\u0430\u043f\u043e\u043b\u043d\u0435\u043d\u0438\u044f \u0434\u0430\u043d\u043d\u043e\u0439 \u0444\u043e\u0440\u043c\u044b \u0432\u043a\u043b\u044e\u0447\u0438\u0442\u0435 JavaScript \u0432 \u0431\u0440\u0430\u0443\u0437\u0435\u0440\u0435.<\/noscript><div class=\"wpforms-field-container\"><div id=\"wpforms-286427-field_0-container\" class=\"wpforms-field wpforms-field-name\" data-field-id=\"0\"><label class=\"wpforms-field-label\" for=\"wpforms-286427-field_0\">First Name \/ Nombre \/ Pr\u00e9nom <span class=\"wpforms-required-label\">*<\/span><\/label><input type=\"text\" id=\"wpforms-286427-field_0\" class=\"wpforms-field-large wpforms-field-required\" name=\"wpforms[fields][0]\" placeholder=\"First Name Only\" required><\/div><div id=\"wpforms-286427-field_13-container\" class=\"wpforms-field wpforms-field-name\" data-field-id=\"13\"><label class=\"wpforms-field-label\" for=\"wpforms-286427-field_13\">Last Name \/ Apellido \/ Nom de famille <span class=\"wpforms-required-label\">*<\/span><\/label><input type=\"text\" id=\"wpforms-286427-field_13\" class=\"wpforms-field-large wpforms-field-required\" name=\"wpforms[fields][13]\" placeholder=\"Last Name Only\" required><\/div><div id=\"wpforms-286427-field_1-container\" class=\"wpforms-field wpforms-field-email\" data-field-id=\"1\"><label class=\"wpforms-field-label\" for=\"wpforms-286427-field_1\">Email \/ Correo electr\u00f3nico \/ Courriel <span class=\"wpforms-required-label\">*<\/span><\/label><input type=\"email\" id=\"wpforms-286427-field_1\" class=\"wpforms-field-large wpforms-field-required\" name=\"wpforms[fields][1]\" spellcheck=\"false\" required><\/div><div id=\"wpforms-286427-field_10-container\" class=\"wpforms-field wpforms-field-text\" data-field-id=\"10\"><label class=\"wpforms-field-label\" for=\"wpforms-286427-field_10\">Company \/ Empresa \/ Entreprise<\/label><input type=\"text\" id=\"wpforms-286427-field_10\" class=\"wpforms-field-large\" name=\"wpforms[fields][10]\" ><\/div><div id=\"wpforms-286427-field_9-container\" class=\"wpforms-field wpforms-field-phone\" data-field-id=\"9\"><label class=\"wpforms-field-label\" for=\"wpforms-286427-field_9\">Phone \/ Tel\u00e9fono \/ T\u00e9l\u00e9phone<\/label><input type=\"tel\" id=\"wpforms-286427-field_9\" class=\"wpforms-field-large wpforms-smart-phone-field\" data-rule-smart-phone-field=\"true\" name=\"wpforms[fields][9]\" aria-label=\"Phone \/ Tel\u00e9fono \/ T\u00e9l\u00e9phone\" ><\/div><div id=\"wpforms-286427-field_22-container\" class=\"wpforms-field wpforms-field-text\" data-field-id=\"22\"><label class=\"wpforms-field-label\" for=\"wpforms-286427-field_22\">Address \/ Direcci\u00f3n \/ Adresse<\/label><input type=\"text\" id=\"wpforms-286427-field_22\" class=\"wpforms-field-medium\" name=\"wpforms[fields][22]\" placeholder=\"Optional\" ><\/div><div id=\"wpforms-286427-field_23-container\" class=\"wpforms-field wpforms-field-text\" data-field-id=\"23\"><label class=\"wpforms-field-label\" for=\"wpforms-286427-field_23\">Workshop City \/ Ciudad Taller \/ Ville-atelier <span class=\"wpforms-required-label\">*<\/span><\/label><input type=\"text\" id=\"wpforms-286427-field_23\" class=\"wpforms-field-medium wpforms-field-required\" name=\"wpforms[fields][23]\" placeholder=\"The city where the workshop you are attending is being hosted\" required><\/div><div id=\"wpforms-286427-field_24-container\" class=\"wpforms-field wpforms-field-text\" data-field-id=\"24\"><label class=\"wpforms-field-label\" for=\"wpforms-286427-field_24\">Workshop State \/ Taller Estado \/ \u00c9tat de l&#039;atelier <span class=\"wpforms-required-label\">*<\/span><\/label><input type=\"text\" id=\"wpforms-286427-field_24\" class=\"wpforms-field-medium wpforms-field-required\" name=\"wpforms[fields][24]\" placeholder=\"The state where the workshop you are attending is being hosted\" required><\/div><div id=\"wpforms-286427-field_25-container\" class=\"wpforms-field wpforms-field-radio\" data-field-id=\"25\"><label class=\"wpforms-field-label\">Have you attended a wedi Certified Installer Workshop before? \/ \u00bfHa asistido antes a un taller wedi para instaladores certificados? \/ Avez-vous d\u00e9j\u00e0 particip\u00e9 \u00e0 un atelier d&#039;installateur certifi\u00e9 wedi ?<\/label><ul id=\"wpforms-286427-field_25\"><li class=\"choice-1 depth-1\"><input type=\"radio\" id=\"wpforms-286427-field_25_1\" name=\"wpforms[fields][25]\" value=\"Yes\"  ><label class=\"wpforms-field-label-inline\" for=\"wpforms-286427-field_25_1\">Yes<\/label><\/li><li class=\"choice-2 depth-1\"><input type=\"radio\" id=\"wpforms-286427-field_25_2\" name=\"wpforms[fields][25]\" value=\"No\"  ><label class=\"wpforms-field-label-inline\" for=\"wpforms-286427-field_25_2\">No<\/label><\/li><\/ul><\/div><div id=\"wpforms-286427-field_26-container\" class=\"wpforms-field wpforms-field-radio\" data-field-id=\"26\"><label class=\"wpforms-field-label\">Have you attended a wedi Certified Installer PRO Workshop before? \/ \u00bfHa asistido anteriormente a un taller wedi Certified Installer PRO? \/ Avez-vous d\u00e9j\u00e0 particip\u00e9 \u00e0 un atelier wedi Certified Installer PRO ?<\/label><ul id=\"wpforms-286427-field_26\"><li class=\"choice-1 depth-1\"><input type=\"radio\" id=\"wpforms-286427-field_26_1\" name=\"wpforms[fields][26]\" value=\"Yes\"  ><label class=\"wpforms-field-label-inline\" for=\"wpforms-286427-field_26_1\">Yes<\/label><\/li><li class=\"choice-2 depth-1\"><input type=\"radio\" id=\"wpforms-286427-field_26_2\" name=\"wpforms[fields][26]\" value=\"No\"  ><label class=\"wpforms-field-label-inline\" for=\"wpforms-286427-field_26_2\">No<\/label><\/li><\/ul><\/div><div id=\"wpforms-286427-field_27-container\" class=\"wpforms-field wpforms-field-text\" data-field-id=\"27\"><label class=\"wpforms-field-label\" for=\"wpforms-286427-field_27\">If you have attended a PRO workshop before, please enter your PRO number if you know it: \/ Si ha asistido anteriormente a un taller PRO, introduzca su n\u00famero PRO si lo conoce: \/ Si vous avez d\u00e9j\u00e0 particip\u00e9 \u00e0 un atelier PRO, veuillez indiquer votre num\u00e9ro PRO si vous le connaissez : <\/label><input type=\"text\" id=\"wpforms-286427-field_27\" class=\"wpforms-field-medium\" name=\"wpforms[fields][27]\" ><\/div><div id=\"wpforms-286427-field_28-container\" class=\"wpforms-field wpforms-field-text\" data-field-id=\"28\"><label class=\"wpforms-field-label\" for=\"wpforms-286427-field_28\">What brand of shower system do you usually use, or prefer to use? \/ \u00bfQu\u00e9 marca de sistema de ducha utiliza habitualmente o prefiere utilizar? \/ Quelle marque de syst\u00e8me de douche utilisez-vous habituellement ou pr\u00e9f\u00e9rez-vous utiliser ?<\/label><input type=\"text\" id=\"wpforms-286427-field_28\" class=\"wpforms-field-medium\" name=\"wpforms[fields][28]\" ><\/div><div id=\"wpforms-286427-field_29-container\" class=\"wpforms-field wpforms-field-text\" data-field-id=\"29\"><label class=\"wpforms-field-label\" for=\"wpforms-286427-field_29\">How did you hear about this workshop? (Ie. Website, social media, a retail location, directly from a wedi Employee, etc.) \/ \u00bfC\u00f3mo se ha enterado de la existencia de este taller? (Por ejemplo, a trav\u00e9s de la p\u00e1gina web, de las redes sociales, de un punto de venta, directamente de un empleado de wedi, etc.) \/ Comment avez-vous entendu parler de cet atelier (site Internet, m\u00e9dias sociaux, point de vente, directement par un employ\u00e9 de wedi, etc.) <span class=\"wpforms-required-label\">*<\/span><\/label><input type=\"text\" id=\"wpforms-286427-field_29\" class=\"wpforms-field-medium wpforms-field-required\" name=\"wpforms[fields][29]\" required><\/div><div id=\"wpforms-286427-field_30-container\" class=\"wpforms-field wpforms-field-text\" data-field-id=\"30\"><label class=\"wpforms-field-label\" for=\"wpforms-286427-field_30\">If you have used wedi before, where do you usually purchase wedi products? \/ Si ha utilizado wedi anteriormente, \u00bfd\u00f3nde suele comprar los productos wedi? \/ Si vous avez d\u00e9j\u00e0 utilis\u00e9 wedi, o\u00f9 achetez-vous habituellement les produits wedi ? <span class=\"wpforms-required-label\">*<\/span><\/label><input type=\"text\" id=\"wpforms-286427-field_30\" class=\"wpforms-field-medium wpforms-field-required\" name=\"wpforms[fields][30]\" required><\/div><\/div><!-- .wpforms-field-container --><div class=\"wpforms-submit-container\" ><input type=\"hidden\" name=\"wpforms[id]\" value=\"286427\"><input type=\"hidden\" name=\"page_title\" value=\"\"><input type=\"hidden\" name=\"page_url\" value=\"https:\/\/wedicorp.com\/ru\/wp-json\/wp\/v2\/pages\/286430\"><input type=\"hidden\" name=\"url_referer\" value=\"\"><button type=\"submit\" name=\"wpforms[submit]\" id=\"wpforms-submit-286427\" class=\"wpforms-submit\" data-alt-text=\"Sending...\" data-submit-text=\"Submit \/ Enviar \/ Soumettre\" aria-live=\"assertive\" value=\"wpforms-submit\">Submit \/ Enviar \/ Soumettre<\/button><img loading=\"lazy\" decoding=\"async\" src=\"https:\/\/wedicorp.com\/wp-content\/plugins\/wpforms\/assets\/images\/submit-spin.svg\" class=\"wpforms-submit-spinner\" style=\"display: none;\" width=\"26\" height=\"26\" alt=\"\u0417\u0430\u0433\u0440\u0443\u0437\u043a\u0430\"><\/div><\/form><\/div>  <!-- .wpforms-container -->wedi collects and uses your personal information to operate the wedi website and deliver the services you have requested. wedi [&hellip;]<\/p>\n","protected":false},"author":3,"featured_media":0,"parent":0,"menu_order":0,"comment_status":"closed","ping_status":"closed","template":"","meta":{"_et_pb_use_builder":"on","_et_pb_old_content":"","_et_gb_content_width":"","om_disable_all_campaigns":false,"_monsterinsights_skip_tracking":false,"_monsterinsights_sitenote_active":false,"_monsterinsights_sitenote_note":"","_monsterinsights_sitenote_category":0,"footnotes":""},"class_list":["post-286430","page","type-page","status-publish","hentry"],"aioseo_notices":[],"wps_subtitle":"","_links":{"self":[{"href":"https:\/\/wedicorp.com\/ru\/wp-json\/wp\/v2\/pages\/286430","targetHints":{"allow":["GET"]}}],"collection":[{"href":"https:\/\/wedicorp.com\/ru\/wp-json\/wp\/v2\/pages"}],"about":[{"href":"https:\/\/wedicorp.com\/ru\/wp-json\/wp\/v2\/types\/page"}],"author":[{"embeddable":true,"href":"https:\/\/wedicorp.com\/ru\/wp-json\/wp\/v2\/users\/3"}],"replies":[{"embeddable":true,"href":"https:\/\/wedicorp.com\/ru\/wp-json\/wp\/v2\/comments?post=286430"}],"version-history":[{"count":12,"href":"https:\/\/wedicorp.com\/ru\/wp-json\/wp\/v2\/pages\/286430\/revisions"}],"predecessor-version":[{"id":287224,"href":"https:\/\/wedicorp.com\/ru\/wp-json\/wp\/v2\/pages\/286430\/revisions\/287224"}],"wp:attachment":[{"href":"https:\/\/wedicorp.com\/ru\/wp-json\/wp\/v2\/media?parent=286430"}],"curies":[{"name":"wp","href":"https:\/\/api.w.org\/{rel}","templated":true}]}}