{"id":336,"date":"2021-11-10T21:49:03","date_gmt":"2021-11-10T21:49:03","guid":{"rendered":"https:\/\/wedicorp.com\/?page_id=336"},"modified":"2022-12-16T22:33:33","modified_gmt":"2022-12-16T22:33:33","slug":"installation-accessories","status":"publish","type":"page","link":"https:\/\/wedicorp.com\/pt\/installation-accessories\/","title":{"rendered":"Acess\u00f3rios de instala\u00e7\u00e3o"},"content":{"rendered":"<p>[et_pb_section fb_built=&#8221;1&#8243; fullwidth=&#8221;on&#8221; _builder_version=&#8221;4.16&#8243; _module_preset=&#8221;default&#8221; global_colors_info=&#8221;{}&#8221;][et_pb_fullwidth_image src=&#8221;https:\/\/wedicorp.com\/wp-content\/uploads\/2021\/11\/wedi_US_3D_Updating_renderings_13112020-e1649634956144.jpg&#8221; title_text=&#8221;wedi_US_3D_Updating_renderings_13112020&#8243; _builder_version=&#8221;4.17.0&#8243; _module_preset=&#8221;default&#8221; max_height=&#8221;800px&#8221; global_colors_info=&#8221;{}&#8221;][\/et_pb_fullwidth_image][\/et_pb_section][et_pb_section fb_built=&#8221;1&#8243; _builder_version=&#8221;4.16&#8243; _module_preset=&#8221;default&#8221; custom_padding=&#8221;||30px|||&#8221; global_colors_info=&#8221;{}&#8221;][et_pb_row _builder_version=&#8221;4.16&#8243; _module_preset=&#8221;default&#8221; global_colors_info=&#8221;{}&#8221;][et_pb_column type=&#8221;4_4&#8243; _builder_version=&#8221;4.16&#8243; _module_preset=&#8221;default&#8221; global_colors_info=&#8221;{}&#8221;][et_pb_text _builder_version=&#8221;4.17.0&#8243; _module_preset=&#8221;default&#8221; global_colors_info=&#8221;{}&#8221;]<\/p>\n<h1>Installation Accessories<\/h1>\n<p>[\/et_pb_text][et_pb_text _builder_version=&#8221;4.17.0&#8243; _module_preset=&#8221;default&#8221; text_font=&#8221;Verdana||||||||&#8221; text_line_height=&#8221;2.1em&#8221; header_font=&#8221;Verdana||||||||&#8221; header_line_height=&#8221;1.4em&#8221; header_2_font=&#8221;Verdana||||||||&#8221; header_2_line_height=&#8221;1.2em&#8221; header_3_font=&#8221;Verdana||||||||&#8221; custom_css_main_element=&#8221;||&#8221; global_colors_info=&#8221;{}&#8221;]<\/p>\n<div class=\"infos fullwidth paddingbottom\">\n<p>The versatile range of wedi accessories offers practical system aids for sealing, bonding, and installation. From the tried<br \/>and tested wedi Joint Sealant to the fleece-backed sealing membranes and corners for all connections and joints in the shower, quick installation, high quality, and safety are guaranteed.<\/p>\n<\/div>\n<p>[\/et_pb_text][et_pb_video _builder_version=&#8221;4.16&#8243; _module_preset=&#8221;default&#8221; global_colors_info=&#8221;{}&#8221;][\/et_pb_video][\/et_pb_column][\/et_pb_row][et_pb_row column_structure=&#8221;1_3,1_3,1_3&#8243; _builder_version=&#8221;4.19.3&#8243; _module_preset=&#8221;default&#8221; hover_enabled=&#8221;0&#8243; global_colors_info=&#8221;{}&#8221; sticky_enabled=&#8221;0&#8243;][et_pb_column type=&#8221;1_3&#8243; _builder_version=&#8221;4.16&#8243; _module_preset=&#8221;default&#8221; global_colors_info=&#8221;{}&#8221;][et_pb_image src=&#8221;https:\/\/wedicorp.com\/wp-content\/uploads\/2022\/04\/US5000013.jpg&#8221; title_text=&#8221;US5000013&#8243; url=&#8221;https:\/\/wedicorp.com\/joint-sealant\/&#8221; use_overlay=&#8221;on&#8221; hover_icon=&#8221;&#x24;||divi||400&#8243; align=&#8221;center&#8221; _builder_version=&#8221;4.17.0&#8243; _module_preset=&#8221;default&#8221; height=&#8221;235px&#8221; max_height=&#8221;235px&#8221; border_width_all=&#8221;2px&#8221; border_color_all=&#8221;#0C71C3&#8243; global_colors_info=&#8221;{}&#8221;][\/et_pb_image][et_pb_text _builder_version=&#8221;4.17.0&#8243; _module_preset=&#8221;default&#8221; global_colors_info=&#8221;{}&#8221;]<\/p>\n<h3 style=\"text-align: center;\">Joint Sealant<\/h3>\n<p>[\/et_pb_text][\/et_pb_column][et_pb_column type=&#8221;1_3&#8243; _builder_version=&#8221;4.16&#8243; _module_preset=&#8221;default&#8221; global_colors_info=&#8221;{}&#8221;][et_pb_image src=&#8221;https:\/\/wedicorp.com\/wp-content\/uploads\/2022\/04\/wedi_tools_washer-screws_USA_7x7_300dpi_4C.jpg&#8221; title_text=&#8221;wedi_tools_washer-screws_USA_7x7_300dpi_4C&#8221; url=&#8221;https:\/\/wedicorp.com\/fastener-systems\/&#8221; use_overlay=&#8221;on&#8221; hover_icon=&#8221;&#x24;||divi||400&#8243; align=&#8221;center&#8221; _builder_version=&#8221;4.17.0&#8243; _module_preset=&#8221;default&#8221; height=&#8221;235px&#8221; max_height=&#8221;235px&#8221; border_width_all=&#8221;2px&#8221; border_color_all=&#8221;#0C71C3&#8243; global_colors_info=&#8221;{}&#8221;][\/et_pb_image][et_pb_text _builder_version=&#8221;4.17.0&#8243; _module_preset=&#8221;default&#8221; global_colors_info=&#8221;{}&#8221;]<\/p>\n<h3 style=\"text-align: center;\">Fastener Systems<\/h3>\n<p>[\/et_pb_text][\/et_pb_column][et_pb_column type=&#8221;1_3&#8243; _builder_version=&#8221;4.16&#8243; _module_preset=&#8221;default&#8221; global_colors_info=&#8221;{}&#8221;][et_pb_image src=&#8221;https:\/\/wedicorp.com\/wp-content\/uploads\/2022\/04\/US5000002_wedi_Subliner_Dry_Watreproof_Sealing_Tape-1.png&#8221; title_text=&#8221;US5000002_wedi_Subliner_Dry_Watreproof_Sealing_Tape&#8221; url=&#8221;https:\/\/wedicorp.com\/wedi-waterproofing-sheet-membrane-tapes\/&#8221; use_overlay=&#8221;on&#8221; hover_icon=&#8221;&#x24;||divi||400&#8243; align=&#8221;center&#8221; _builder_version=&#8221;4.17.3&#8243; _module_preset=&#8221;default&#8221; height=&#8221;235px&#8221; max_height=&#8221;235px&#8221; border_width_all=&#8221;2px&#8221; border_color_all=&#8221;#0C71C3&#8243; global_colors_info=&#8221;{}&#8221;][\/et_pb_image][et_pb_text _builder_version=&#8221;4.17.0&#8243; _module_preset=&#8221;default&#8221; global_colors_info=&#8221;{}&#8221;]<\/p>\n<h3 style=\"text-align: center;\">Waterproofing sheet membrane &amp; tapes<\/h3>\n<p>[\/et_pb_text][\/et_pb_column][\/et_pb_row][\/et_pb_section]<\/p>\n","protected":false},"excerpt":{"rendered":"<p>Installation Accessories The versatile range of wedi accessories offers practical system aids for sealing, bonding, and installation. From the triedand tested wedi Joint Sealant to the fleece-backed sealing membranes and corners for all connections and joints in the shower, quick installation, high quality, and safety are guaranteed. Joint SealantFastener SystemsWaterproofing sheet membrane &amp; tapes<\/p>","protected":false},"author":3,"featured_media":0,"parent":0,"menu_order":0,"comment_status":"closed","ping_status":"closed","template":"","meta":{"_et_pb_use_builder":"on","_et_pb_old_content":"<!-- wp:divi\/placeholder \/-->","_et_gb_content_width":"","om_disable_all_campaigns":false,"_monsterinsights_skip_tracking":false,"_monsterinsights_sitenote_active":false,"_monsterinsights_sitenote_note":"","_monsterinsights_sitenote_category":0,"footnotes":""},"class_list":["post-336","page","type-page","status-publish","hentry"],"aioseo_notices":[],"wps_subtitle":"","_links":{"self":[{"href":"https:\/\/wedicorp.com\/pt\/wp-json\/wp\/v2\/pages\/336","targetHints":{"allow":["GET"]}}],"collection":[{"href":"https:\/\/wedicorp.com\/pt\/wp-json\/wp\/v2\/pages"}],"about":[{"href":"https:\/\/wedicorp.com\/pt\/wp-json\/wp\/v2\/types\/page"}],"author":[{"embeddable":true,"href":"https:\/\/wedicorp.com\/pt\/wp-json\/wp\/v2\/users\/3"}],"replies":[{"embeddable":true,"href":"https:\/\/wedicorp.com\/pt\/wp-json\/wp\/v2\/comments?post=336"}],"version-history":[{"count":11,"href":"https:\/\/wedicorp.com\/pt\/wp-json\/wp\/v2\/pages\/336\/revisions"}],"predecessor-version":[{"id":4155,"href":"https:\/\/wedicorp.com\/pt\/wp-json\/wp\/v2\/pages\/336\/revisions\/4155"}],"wp:attachment":[{"href":"https:\/\/wedicorp.com\/pt\/wp-json\/wp\/v2\/media?parent=336"}],"curies":[{"name":"wp","href":"https:\/\/api.w.org\/{rel}","templated":true}]}}