{"id":288815,"date":"2025-03-18T06:31:58","date_gmt":"2025-03-18T13:31:58","guid":{"rendered":"https:\/\/wedicorp.com\/?page_id=288815"},"modified":"2026-03-12T12:22:03","modified_gmt":"2026-03-12T19:22:03","slug":"registration","status":"publish","type":"page","link":"https:\/\/wedicorp.com\/pt\/registration\/","title":{"rendered":"Registration"},"content":{"rendered":"<p>[et_pb_section fb_built=&#8221;1&#8243; fullwidth=&#8221;on&#8221; _builder_version=&#8221;4.16&#8243; _module_preset=&#8221;default&#8221; global_colors_info=&#8221;{}&#8221;][\/et_pb_section][et_pb_section fb_built=&#8221;1&#8243; _builder_version=&#8221;4.16&#8243; _module_preset=&#8221;default&#8221; custom_margin=&#8221;||-20px||false|false&#8221; custom_padding=&#8221;||21px|||&#8221; global_colors_info=&#8221;{}&#8221;][et_pb_row _builder_version=&#8221;4.16&#8243; _module_preset=&#8221;default&#8221; global_colors_info=&#8221;{}&#8221;][et_pb_column type=&#8221;4_4&#8243; _builder_version=&#8221;4.16&#8243; _module_preset=&#8221;default&#8221; global_colors_info=&#8221;{}&#8221;][et_pb_text _builder_version=&#8221;4.27.4&#8243; _module_preset=&#8221;default&#8221; custom_margin=&#8221;-27px||14px|||&#8221; global_colors_info=&#8221;{}&#8221;]<\/p>\n<h2>wedi Registration<\/h2>\n<p>[\/et_pb_text][et_pb_text _builder_version=&#8221;4.27.4&#8243; _module_preset=&#8221;default&#8221; text_font_size=&#8221;16px&#8221; global_colors_info=&#8221;{}&#8221;]<\/p>\n<p>Use this form to register your information with wedi for a certificate.<\/p>\n<h3><\/h3>\n<p>[\/et_pb_text][\/et_pb_column][\/et_pb_row][et_pb_row _builder_version=&#8221;4.18.0&#8243; _module_preset=&#8221;default&#8221; custom_margin=&#8221;-374px|auto||auto||&#8221; custom_padding=&#8221;||0px|||&#8221; global_colors_info=&#8221;{}&#8221;][et_pb_column type=&#8221;4_4&#8243; _builder_version=&#8221;4.18.0&#8243; _module_preset=&#8221;default&#8221; global_colors_info=&#8221;{}&#8221;][\/et_pb_column][\/et_pb_row][\/et_pb_section][et_pb_section fb_built=&#8221;1&#8243; _builder_version=&#8221;4.16&#8243; _module_preset=&#8221;default&#8221; custom_margin=&#8221;-10px|||||&#8221; custom_padding=&#8221;25px||28px|||&#8221; global_colors_info=&#8221;{}&#8221;][et_pb_row _builder_version=&#8221;4.27.3&#8243; _module_preset=&#8221;default&#8221; custom_margin=&#8221;-21px|auto||auto||&#8221; global_colors_info=&#8221;{}&#8221;][et_pb_column type=&#8221;4_4&#8243; _builder_version=&#8221;4.16&#8243; _module_preset=&#8221;default&#8221; global_colors_info=&#8221;{}&#8221;][et_pb_text _builder_version=&#8221;4.27.6&#8243; _module_preset=&#8221;default&#8221; hover_enabled=&#8221;0&#8243; global_colors_info=&#8221;{}&#8221; sticky_enabled=&#8221;0&#8243;]<\/p>\n<p><span><div class=\"wpforms-container wpforms-container-full\" id=\"wpforms-291145\"><form id=\"wpforms-form-291145\" class=\"wpforms-validate wpforms-form wpforms-ajax-form\" data-formid=\"291145\" method=\"post\" enctype=\"multipart\/form-data\" action=\"\/pt\/wp-json\/wp\/v2\/pages\/288815\" data-token=\"ddd6057004995e1968f18a7726cef5c1\" data-token-time=\"1776284596\"><noscript class=\"wpforms-error-noscript\">Ative o JavaScript no seu navegador para preencher este formul\u00e1rio.<\/noscript><div class=\"wpforms-field-container\"><div id=\"wpforms-291145-field_0-container\" class=\"wpforms-field wpforms-field-name\" data-field-id=\"0\"><label class=\"wpforms-field-label\" for=\"wpforms-291145-field_0\">First Name  <span class=\"wpforms-required-label\">*<\/span><\/label><input type=\"text\" id=\"wpforms-291145-field_0\" class=\"wpforms-field-large wpforms-field-required\" name=\"wpforms[fields][0]\" placeholder=\"Nombre \/ Pr\u00e9nom\" required><\/div><div id=\"wpforms-291145-field_13-container\" class=\"wpforms-field wpforms-field-name\" data-field-id=\"13\"><label class=\"wpforms-field-label\" for=\"wpforms-291145-field_13\">Last Name  <span class=\"wpforms-required-label\">*<\/span><\/label><input type=\"text\" id=\"wpforms-291145-field_13\" class=\"wpforms-field-large wpforms-field-required\" name=\"wpforms[fields][13]\" placeholder=\"Apellido \/ Nom de famille\" required><\/div><div id=\"wpforms-291145-field_1-container\" class=\"wpforms-field wpforms-field-email\" data-field-id=\"1\"><label class=\"wpforms-field-label\" for=\"wpforms-291145-field_1\">Email  <span class=\"wpforms-required-label\">*<\/span><\/label><input type=\"email\" id=\"wpforms-291145-field_1\" class=\"wpforms-field-large wpforms-field-required\" name=\"wpforms[fields][1]\" placeholder=\"Correo electr\u00f3nico \/ Courriel\" spellcheck=\"false\" required><\/div><div id=\"wpforms-291145-field_10-container\" class=\"wpforms-field wpforms-field-text\" data-field-id=\"10\"><label class=\"wpforms-field-label\" for=\"wpforms-291145-field_10\">Company  <span class=\"wpforms-required-label\">*<\/span><\/label><input type=\"text\" id=\"wpforms-291145-field_10\" class=\"wpforms-field-large wpforms-field-required\" name=\"wpforms[fields][10]\" placeholder=\"Empresa \/ Entreprise\" required><\/div><div id=\"wpforms-291145-field_9-container\" class=\"wpforms-field wpforms-field-phone\" data-field-id=\"9\"><label class=\"wpforms-field-label\" for=\"wpforms-291145-field_9\">Phone  <span class=\"wpforms-required-label\">*<\/span><\/label><input type=\"tel\" id=\"wpforms-291145-field_9\" class=\"wpforms-field-large wpforms-field-required wpforms-smart-phone-field\" data-rule-smart-phone-field=\"true\" name=\"wpforms[fields][9]\" placeholder=\"Tel\u00e9fono \/ T\u00e9l\u00e9phone\" aria-label=\"Phone \" required><\/div><div id=\"wpforms-291145-field_22-container\" class=\"wpforms-field wpforms-field-text\" data-field-id=\"22\"><label class=\"wpforms-field-label\" for=\"wpforms-291145-field_22\">Address <\/label><input type=\"text\" id=\"wpforms-291145-field_22\" class=\"wpforms-field-medium\" name=\"wpforms[fields][22]\" placeholder=\"Direcci\u00f3n \/ Adresse\" ><\/div><div id=\"wpforms-291145-field_23-container\" class=\"wpforms-field wpforms-field-text\" data-field-id=\"23\"><label class=\"wpforms-field-label\" for=\"wpforms-291145-field_23\">City <span class=\"wpforms-required-label\">*<\/span><\/label><input type=\"text\" id=\"wpforms-291145-field_23\" class=\"wpforms-field-medium wpforms-field-required\" name=\"wpforms[fields][23]\" placeholder=\"Ciudad \/ Ville\" required><\/div><div id=\"wpforms-291145-field_24-container\" class=\"wpforms-field wpforms-field-text\" data-field-id=\"24\"><label class=\"wpforms-field-label\" for=\"wpforms-291145-field_24\">State  <span class=\"wpforms-required-label\">*<\/span><\/label><input type=\"text\" id=\"wpforms-291145-field_24\" class=\"wpforms-field-medium wpforms-field-required\" name=\"wpforms[fields][24]\" placeholder=\"Estado \/ \u00c9tat\" required><\/div><div id=\"wpforms-291145-field_28-container\" class=\"wpforms-field wpforms-field-text\" data-field-id=\"28\"><label class=\"wpforms-field-label\" for=\"wpforms-291145-field_28\">What brand of shower system do you usually use, or prefer to use?<\/label><input type=\"text\" id=\"wpforms-291145-field_28\" class=\"wpforms-field-medium\" name=\"wpforms[fields][28]\" placeholder=\"\u00bfQu\u00e9 marca de sistema de ducha utiliza habitualmente o prefiere utilizar? \/ Quelle marque de syst\u00e8me de douche utilisez-vous habituellement ou pr\u00e9f\u00e9rez-vous utiliser ?\" ><\/div><div id=\"wpforms-291145-field_29-container\" class=\"wpforms-field wpforms-field-text\" data-field-id=\"29\"><label class=\"wpforms-field-label\" for=\"wpforms-291145-field_29\">Have you heard of or used wedi before?<\/label><input type=\"text\" id=\"wpforms-291145-field_29\" class=\"wpforms-field-medium\" name=\"wpforms[fields][29]\" placeholder=\"\u00bfHa o\u00eddo hablar de wedi o lo ha utilizado antes? \/ Avez-vous d\u00e9j\u00e0 entendu parler de wedi ou l&#039;avez-vous d\u00e9j\u00e0 utilis\u00e9 ?\" ><\/div><div id=\"wpforms-291145-field_30-container\" class=\"wpforms-field wpforms-field-text\" data-field-id=\"30\"><label class=\"wpforms-field-label\" for=\"wpforms-291145-field_30\">If you have used wedi before, where do you usually purchase wedi products?<\/label><input type=\"text\" id=\"wpforms-291145-field_30\" class=\"wpforms-field-medium\" name=\"wpforms[fields][30]\" placeholder=\"Si ha utilizado wedi anteriormente, \u00bfd\u00f3nde suele comprar los productos wedi? \/ Si vous avez d\u00e9j\u00e0 utilis\u00e9 wedi, o\u00f9 achetez-vous habituellement les produits wedi ?\" ><\/div><div id=\"wpforms-291145-field_31-container\" class=\"wpforms-field wpforms-field-text\" data-field-id=\"31\"><label class=\"wpforms-field-label\" for=\"wpforms-291145-field_31\">Are you interested in learning more about wedi PRO Certification workshops?<\/label><input type=\"text\" id=\"wpforms-291145-field_31\" class=\"wpforms-field-medium\" name=\"wpforms[fields][31]\" placeholder=\"\u00bfLe interesa obtener m\u00e1s informaci\u00f3n sobre los talleres de certificaci\u00f3n wedi PRO?\" ><\/div><\/div><!-- .wpforms-field-container --><div class=\"wpforms-submit-container\" ><input type=\"hidden\" name=\"wpforms[id]\" value=\"291145\"><input type=\"hidden\" name=\"page_title\" value=\"\"><input type=\"hidden\" name=\"page_url\" value=\"https:\/\/wedicorp.com\/pt\/wp-json\/wp\/v2\/pages\/288815\"><input type=\"hidden\" name=\"url_referer\" value=\"\"><button type=\"submit\" name=\"wpforms[submit]\" id=\"wpforms-submit-291145\" class=\"wpforms-submit\" data-alt-text=\"Sending...\" data-submit-text=\"Submit\" aria-live=\"assertive\" value=\"wpforms-submit\">Submit<\/button><img loading=\"lazy\" decoding=\"async\" src=\"https:\/\/wedicorp.com\/wp-content\/plugins\/wpforms\/assets\/images\/submit-spin.svg\" class=\"wpforms-submit-spinner\" style=\"display: none;\" width=\"26\" height=\"26\" alt=\"Carregando\"><\/div><\/form><\/div>  <!-- .wpforms-container --><\/span><\/p>\n<p>[\/et_pb_text][\/et_pb_column][\/et_pb_row][\/et_pb_section][et_pb_section fb_built=&#8221;1&#8243; _builder_version=&#8221;4.16&#8243; _module_preset=&#8221;default&#8221; custom_padding=&#8221;29px|||||&#8221; global_colors_info=&#8221;{}&#8221;][et_pb_row _builder_version=&#8221;4.16&#8243; _module_preset=&#8221;default&#8221; global_colors_info=&#8221;{}&#8221;][et_pb_column type=&#8221;4_4&#8243; _builder_version=&#8221;4.16&#8243; _module_preset=&#8221;default&#8221; global_colors_info=&#8221;{}&#8221;][\/et_pb_column][\/et_pb_row][\/et_pb_section]<\/p>\n","protected":false},"excerpt":{"rendered":"<p>wedi RegistrationUse this form to register your information with wedi for a certificate. <div class=\"wpforms-container wpforms-container-full\" id=\"wpforms-291145\"><form id=\"wpforms-form-291145\" class=\"wpforms-validate wpforms-form wpforms-ajax-form\" data-formid=\"291145\" method=\"post\" enctype=\"multipart\/form-data\" action=\"\/pt\/wp-json\/wp\/v2\/pages\/288815\" data-token=\"ddd6057004995e1968f18a7726cef5c1\" data-token-time=\"1776284596\"><noscript class=\"wpforms-error-noscript\">Ative o JavaScript no seu navegador para preencher este formul\u00e1rio.<\/noscript><div class=\"wpforms-field-container\"><div id=\"wpforms-291145-field_0-container\" class=\"wpforms-field wpforms-field-name\" data-field-id=\"0\"><label class=\"wpforms-field-label\" for=\"wpforms-291145-field_0\">First Name  <span class=\"wpforms-required-label\">*<\/span><\/label><input type=\"text\" id=\"wpforms-291145-field_0\" class=\"wpforms-field-large wpforms-field-required\" name=\"wpforms[fields][0]\" placeholder=\"Nombre \/ Pr\u00e9nom\" required><\/div><div id=\"wpforms-291145-field_13-container\" class=\"wpforms-field wpforms-field-name\" data-field-id=\"13\"><label class=\"wpforms-field-label\" for=\"wpforms-291145-field_13\">Last Name  <span class=\"wpforms-required-label\">*<\/span><\/label><input type=\"text\" id=\"wpforms-291145-field_13\" class=\"wpforms-field-large wpforms-field-required\" name=\"wpforms[fields][13]\" placeholder=\"Apellido \/ Nom de famille\" required><\/div><div id=\"wpforms-291145-field_1-container\" class=\"wpforms-field wpforms-field-email\" data-field-id=\"1\"><label class=\"wpforms-field-label\" for=\"wpforms-291145-field_1\">Email  <span class=\"wpforms-required-label\">*<\/span><\/label><input type=\"email\" id=\"wpforms-291145-field_1\" class=\"wpforms-field-large wpforms-field-required\" name=\"wpforms[fields][1]\" placeholder=\"Correo electr\u00f3nico \/ Courriel\" spellcheck=\"false\" required><\/div><div id=\"wpforms-291145-field_10-container\" class=\"wpforms-field wpforms-field-text\" data-field-id=\"10\"><label class=\"wpforms-field-label\" for=\"wpforms-291145-field_10\">Company  <span class=\"wpforms-required-label\">*<\/span><\/label><input type=\"text\" id=\"wpforms-291145-field_10\" class=\"wpforms-field-large wpforms-field-required\" name=\"wpforms[fields][10]\" placeholder=\"Empresa \/ Entreprise\" required><\/div><div id=\"wpforms-291145-field_9-container\" class=\"wpforms-field wpforms-field-phone\" data-field-id=\"9\"><label class=\"wpforms-field-label\" for=\"wpforms-291145-field_9\">Phone  <span class=\"wpforms-required-label\">*<\/span><\/label><input type=\"tel\" id=\"wpforms-291145-field_9\" class=\"wpforms-field-large wpforms-field-required wpforms-smart-phone-field\" data-rule-smart-phone-field=\"true\" name=\"wpforms[fields][9]\" placeholder=\"Tel\u00e9fono \/ T\u00e9l\u00e9phone\" aria-label=\"Phone \" required><\/div><div id=\"wpforms-291145-field_22-container\" class=\"wpforms-field wpforms-field-text\" data-field-id=\"22\"><label class=\"wpforms-field-label\" for=\"wpforms-291145-field_22\">Address <\/label><input type=\"text\" id=\"wpforms-291145-field_22\" class=\"wpforms-field-medium\" name=\"wpforms[fields][22]\" placeholder=\"Direcci\u00f3n \/ Adresse\" ><\/div><div id=\"wpforms-291145-field_23-container\" class=\"wpforms-field wpforms-field-text\" data-field-id=\"23\"><label class=\"wpforms-field-label\" for=\"wpforms-291145-field_23\">City <span class=\"wpforms-required-label\">*<\/span><\/label><input type=\"text\" id=\"wpforms-291145-field_23\" class=\"wpforms-field-medium wpforms-field-required\" name=\"wpforms[fields][23]\" placeholder=\"Ciudad \/ Ville\" required><\/div><div id=\"wpforms-291145-field_24-container\" class=\"wpforms-field wpforms-field-text\" data-field-id=\"24\"><label class=\"wpforms-field-label\" for=\"wpforms-291145-field_24\">State  <span class=\"wpforms-required-label\">*<\/span><\/label><input type=\"text\" id=\"wpforms-291145-field_24\" class=\"wpforms-field-medium wpforms-field-required\" name=\"wpforms[fields][24]\" placeholder=\"Estado \/ \u00c9tat\" required><\/div><div id=\"wpforms-291145-field_28-container\" class=\"wpforms-field wpforms-field-text\" data-field-id=\"28\"><label class=\"wpforms-field-label\" for=\"wpforms-291145-field_28\">What brand of shower system do you usually use, or prefer to use?<\/label><input type=\"text\" id=\"wpforms-291145-field_28\" class=\"wpforms-field-medium\" name=\"wpforms[fields][28]\" placeholder=\"\u00bfQu\u00e9 marca de sistema de ducha utiliza habitualmente o prefiere utilizar? \/ Quelle marque de syst\u00e8me de douche utilisez-vous habituellement ou pr\u00e9f\u00e9rez-vous utiliser ?\" ><\/div><div id=\"wpforms-291145-field_29-container\" class=\"wpforms-field wpforms-field-text\" data-field-id=\"29\"><label class=\"wpforms-field-label\" for=\"wpforms-291145-field_29\">Have you heard of or used wedi before?<\/label><input type=\"text\" id=\"wpforms-291145-field_29\" class=\"wpforms-field-medium\" name=\"wpforms[fields][29]\" placeholder=\"\u00bfHa o\u00eddo hablar de wedi o lo ha utilizado antes? \/ Avez-vous d\u00e9j\u00e0 entendu parler de wedi ou l&#039;avez-vous d\u00e9j\u00e0 utilis\u00e9 ?\" ><\/div><div id=\"wpforms-291145-field_30-container\" class=\"wpforms-field wpforms-field-text\" data-field-id=\"30\"><label class=\"wpforms-field-label\" for=\"wpforms-291145-field_30\">If you have used wedi before, where do you usually purchase wedi products?<\/label><input type=\"text\" id=\"wpforms-291145-field_30\" class=\"wpforms-field-medium\" name=\"wpforms[fields][30]\" placeholder=\"Si ha utilizado wedi anteriormente, \u00bfd\u00f3nde suele comprar los productos wedi? \/ Si vous avez d\u00e9j\u00e0 utilis\u00e9 wedi, o\u00f9 achetez-vous habituellement les produits wedi ?\" ><\/div><div id=\"wpforms-291145-field_31-container\" class=\"wpforms-field wpforms-field-text\" data-field-id=\"31\"><label class=\"wpforms-field-label\" for=\"wpforms-291145-field_31\">Are you interested in learning more about wedi PRO Certification workshops?<\/label><input type=\"text\" id=\"wpforms-291145-field_31\" class=\"wpforms-field-medium\" name=\"wpforms[fields][31]\" placeholder=\"\u00bfLe interesa obtener m\u00e1s informaci\u00f3n sobre los talleres de certificaci\u00f3n wedi PRO?\" ><\/div><\/div><!-- .wpforms-field-container --><div class=\"wpforms-submit-container\" ><input type=\"hidden\" name=\"wpforms[id]\" value=\"291145\"><input type=\"hidden\" name=\"page_title\" value=\"\"><input type=\"hidden\" name=\"page_url\" value=\"https:\/\/wedicorp.com\/pt\/wp-json\/wp\/v2\/pages\/288815\"><input type=\"hidden\" name=\"url_referer\" value=\"\"><button type=\"submit\" name=\"wpforms[submit]\" id=\"wpforms-submit-291145\" class=\"wpforms-submit\" data-alt-text=\"Sending...\" data-submit-text=\"Submit\" aria-live=\"assertive\" value=\"wpforms-submit\">Submit<\/button><img loading=\"lazy\" decoding=\"async\" src=\"https:\/\/wedicorp.com\/wp-content\/plugins\/wpforms\/assets\/images\/submit-spin.svg\" class=\"wpforms-submit-spinner\" style=\"display: none;\" width=\"26\" height=\"26\" alt=\"Carregando\"><\/div><\/form><\/div>  <!-- .wpforms-container --><\/p>\n","protected":false},"author":3,"featured_media":0,"parent":0,"menu_order":0,"comment_status":"closed","ping_status":"closed","template":"","meta":{"_et_pb_use_builder":"on","_et_pb_old_content":"","_et_gb_content_width":"","om_disable_all_campaigns":false,"_monsterinsights_skip_tracking":false,"_monsterinsights_sitenote_active":false,"_monsterinsights_sitenote_note":"","_monsterinsights_sitenote_category":0,"footnotes":""},"class_list":["post-288815","page","type-page","status-publish","hentry"],"aioseo_notices":[],"wps_subtitle":"","_links":{"self":[{"href":"https:\/\/wedicorp.com\/pt\/wp-json\/wp\/v2\/pages\/288815","targetHints":{"allow":["GET"]}}],"collection":[{"href":"https:\/\/wedicorp.com\/pt\/wp-json\/wp\/v2\/pages"}],"about":[{"href":"https:\/\/wedicorp.com\/pt\/wp-json\/wp\/v2\/types\/page"}],"author":[{"embeddable":true,"href":"https:\/\/wedicorp.com\/pt\/wp-json\/wp\/v2\/users\/3"}],"replies":[{"embeddable":true,"href":"https:\/\/wedicorp.com\/pt\/wp-json\/wp\/v2\/comments?post=288815"}],"version-history":[{"count":6,"href":"https:\/\/wedicorp.com\/pt\/wp-json\/wp\/v2\/pages\/288815\/revisions"}],"predecessor-version":[{"id":291147,"href":"https:\/\/wedicorp.com\/pt\/wp-json\/wp\/v2\/pages\/288815\/revisions\/291147"}],"wp:attachment":[{"href":"https:\/\/wedicorp.com\/pt\/wp-json\/wp\/v2\/media?parent=288815"}],"curies":[{"name":"wp","href":"https:\/\/api.w.org\/{rel}","templated":true}]}}