{"id":861,"date":"2022-02-17T21:43:29","date_gmt":"2022-02-17T21:43:29","guid":{"rendered":"https:\/\/wedicorp.com\/?page_id=861"},"modified":"2026-03-20T09:55:42","modified_gmt":"2026-03-20T16:55:42","slug":"contact-corporate-office","status":"publish","type":"page","link":"https:\/\/wedicorp.com\/fr\/contact-corporate-office\/","title":{"rendered":"Contacter le si\u00e8ge social"},"content":{"rendered":"<p>[et_pb_section fb_built=&#8221;1&#8243; fullwidth=&#8221;on&#8221; _builder_version=&#8221;4.17.3&#8243; _module_preset=&#8221;default&#8221; global_colors_info=&#8221;{}&#8221;][et_pb_fullwidth_image src=&#8221;https:\/\/wedicorp.com\/wp-content\/uploads\/2022\/04\/wedi_Hollefeldstrasse_aerail_2014-scaled-e1655500114665.jpg&#8221; title_text=&#8221;DCIM106GOPRO&#8221; _builder_version=&#8221;4.17.4&#8243; _module_preset=&#8221;default&#8221; max_height=&#8221;750px&#8221; global_colors_info=&#8221;{}&#8221;][\/et_pb_fullwidth_image][\/et_pb_section][et_pb_section fb_built=&#8221;1&#8243; _builder_version=&#8221;4.17.3&#8243; _module_preset=&#8221;default&#8221; global_colors_info=&#8221;{}&#8221;][et_pb_row _builder_version=&#8221;4.17.3&#8243; _module_preset=&#8221;default&#8221; global_colors_info=&#8221;{}&#8221;][et_pb_column type=&#8221;4_4&#8243; _builder_version=&#8221;4.17.3&#8243; _module_preset=&#8221;default&#8221; global_colors_info=&#8221;{}&#8221;][et_pb_text _builder_version=&#8221;4.17.3&#8243; _module_preset=&#8221;default&#8221; global_colors_info=&#8221;{}&#8221;]<\/p>\n<h2>Contact our Corporate Office<\/h2>\n<p>[\/et_pb_text][\/et_pb_column][\/et_pb_row][et_pb_row _builder_version=&#8221;4.17.3&#8243; _module_preset=&#8221;default&#8221; global_colors_info=&#8221;{}&#8221;][et_pb_column type=&#8221;4_4&#8243; _builder_version=&#8221;4.17.3&#8243; _module_preset=&#8221;default&#8221; global_colors_info=&#8221;{}&#8221;][et_pb_text _builder_version=&#8221;4.17.4&#8243; _module_preset=&#8221;default&#8221; global_colors_info=&#8221;{}&#8221;]<\/p>\n<p>Our Corporate Office contact information is listed below. \u00a0If you are looking for sales or technical support, please click <a href=\"https:\/\/wedicorp.com\/contact-local-wedi-services\/\">here.<\/a><\/p>\n<p>[\/et_pb_text][\/et_pb_column][\/et_pb_row][et_pb_row _builder_version=&#8221;4.17.3&#8243; _module_preset=&#8221;default&#8221; global_colors_info=&#8221;{}&#8221;][et_pb_column type=&#8221;4_4&#8243; _builder_version=&#8221;4.17.3&#8243; _module_preset=&#8221;default&#8221; global_colors_info=&#8221;{}&#8221;][dvmd_table_maker tbl_column_header_count=&#8221;0&#8243; tbl_responsive_breakpoint=&#8221;max_width_767&#8243; tbl_responsive_break_by=&#8221;row&#8221; tbl_responsive_display_as=&#8221;accordion&#8221; tbl_chead_cell_color=&#8221;#626262&#8243; tbl_rhead_cell_color=&#8221;#b7b7b7&#8243; _builder_version=&#8221;4.19.3&#8243; _module_preset=&#8221;default&#8221; tbl_tcell_text_text_color=&#8221;#505050&#8243; tbl_chead_text_text_color=&#8221;#FFFFFF&#8221; tbl_rhead_text_text_color=&#8221;#FFFFFF&#8221; global_colors_info=&#8221;{}&#8221;][dvmd_table_maker_item col_content=&#8221;Technical \/ Product Support&#8221; col_column_max_width=&#8221;0.6fr&#8221; col_chead_cell_color=&#8221;#626262&#8243; _builder_version=&#8221;4.19.3&#8243; _module_preset=&#8221;default&#8221; col_tcell_text_text_color=&#8221;#505050&#8243; col_chead_text_text_color=&#8221;#FFFFFF&#8221; border_width_all_col_tcell_cell_border=&#8221;0px&#8221; border_color_all_col_tcell_cell_border=&#8221;RGBA(255,255,255,0)&#8221; global_colors_info=&#8221;{}&#8221;][\/dvmd_table_maker_item][dvmd_table_maker_item col_content=&#8221;Toll Free 877-933-9334&#8243; col_column_max_width=&#8221;0.5fr&#8221; _builder_version=&#8221;4.19.3&#8243; _module_preset=&#8221;default&#8221; global_colors_info=&#8221;{}&#8221;][\/dvmd_table_maker_item][\/dvmd_table_maker][dvmd_table_maker tbl_column_header_count=&#8221;0&#8243; tbl_responsive_breakpoint=&#8221;max_width_767&#8243; tbl_responsive_break_by=&#8221;row&#8221; tbl_responsive_display_as=&#8221;accordion&#8221; tbl_chead_cell_color=&#8221;#626262&#8243; tbl_rhead_cell_color=&#8221;#b7b7b7&#8243; _builder_version=&#8221;4.27.6&#8243; _module_preset=&#8221;default&#8221; tbl_tcell_text_text_color=&#8221;#505050&#8243; tbl_chead_text_text_color=&#8221;#FFFFFF&#8221; tbl_rhead_text_text_color=&#8221;#FFFFFF&#8221; hover_enabled=&#8221;0&#8243; global_colors_info=&#8221;{}&#8221; sticky_enabled=&#8221;0&#8243;][dvmd_table_maker_item col_content=&#8221;Finances &#038; Accounting&#8221; col_column_max_width=&#8221;0.6fr&#8221; col_chead_cell_color=&#8221;#626262&#8243; _builder_version=&#8221;4.17.4&#8243; _module_preset=&#8221;default&#8221; col_tcell_text_text_color=&#8221;#505050&#8243; col_chead_text_text_color=&#8221;#FFFFFF&#8221; border_width_all_col_tcell_cell_border=&#8221;0px&#8221; border_color_all_col_tcell_cell_border=&#8221;RGBA(255,255,255,0)&#8221; global_colors_info=&#8221;{}&#8221;][\/dvmd_table_maker_item][dvmd_table_maker_item col_content=&#8221;Doreen Credo&#8221; col_column_max_width=&#8221;0.5fr&#8221; _builder_version=&#8221;4.17.4&#8243; _module_preset=&#8221;default&#8221; global_colors_info=&#8221;{}&#8221;][\/dvmd_table_maker_item][dvmd_table_maker_item col_content=&#8221;doreen.credo@wedicorp.com&#8221; col_column_max_width=&#8221;0.5fr&#8221; _builder_version=&#8221;4.17.4&#8243; _module_preset=&#8221;default&#8221; global_colors_info=&#8221;{}&#8221;][\/dvmd_table_maker_item][dvmd_table_maker_item col_content=&#8221;Direct Line: 630-677-5103&#8243; col_column_max_width=&#8221;0.5fr&#8221; _builder_version=&#8221;4.27.6&#8243; _module_preset=&#8221;default&#8221; hover_enabled=&#8221;0&#8243; global_colors_info=&#8221;{}&#8221; sticky_enabled=&#8221;0&#8243;][\/dvmd_table_maker_item][\/dvmd_table_maker][dvmd_table_maker tbl_column_header_count=&#8221;0&#8243; tbl_responsive_breakpoint=&#8221;max_width_767&#8243; tbl_responsive_break_by=&#8221;row&#8221; tbl_responsive_display_as=&#8221;accordion&#8221; tbl_chead_cell_color=&#8221;#626262&#8243; tbl_rhead_cell_color=&#8221;#b7b7b7&#8243; _builder_version=&#8221;4.25.0&#8243; _module_preset=&#8221;default&#8221; tbl_tcell_text_text_color=&#8221;#505050&#8243; tbl_chead_text_text_color=&#8221;#FFFFFF&#8221; tbl_rhead_text_text_color=&#8221;#FFFFFF&#8221; global_colors_info=&#8221;{}&#8221;][dvmd_table_maker_item col_content=&#8221;Human Resources&#8221; col_column_max_width=&#8221;0.6fr&#8221; col_chead_cell_color=&#8221;#626262&#8243; _builder_version=&#8221;4.17.4&#8243; _module_preset=&#8221;default&#8221; col_tcell_text_text_color=&#8221;#505050&#8243; col_chead_text_text_color=&#8221;#FFFFFF&#8221; border_width_all_col_tcell_cell_border=&#8221;0px&#8221; border_color_all_col_tcell_cell_border=&#8221;RGBA(255,255,255,0)&#8221; global_colors_info=&#8221;{}&#8221;][\/dvmd_table_maker_item][dvmd_table_maker_item col_content=&#8221;Gina Tustin&#8221; col_column_max_width=&#8221;0.5fr&#8221; _builder_version=&#8221;4.25.0&#8243; _module_preset=&#8221;default&#8221; global_colors_info=&#8221;{}&#8221;][\/dvmd_table_maker_item][dvmd_table_maker_item col_content=&#8221;gina.tustin@wedicorp.com&#8221; col_column_max_width=&#8221;0.5fr&#8221; _builder_version=&#8221;4.25.0&#8243; _module_preset=&#8221;default&#8221; global_colors_info=&#8221;{}&#8221;][\/dvmd_table_maker_item][dvmd_table_maker_item col_content=&#8221;Mobile: 224-230-8715&#8243; col_column_max_width=&#8221;0.5fr&#8221; _builder_version=&#8221;4.17.4&#8243; _module_preset=&#8221;default&#8221; global_colors_info=&#8221;{}&#8221;][\/dvmd_table_maker_item][\/dvmd_table_maker][dvmd_table_maker tbl_column_header_count=&#8221;0&#8243; tbl_responsive_breakpoint=&#8221;max_width_767&#8243; tbl_responsive_break_by=&#8221;row&#8221; tbl_responsive_display_as=&#8221;accordion&#8221; tbl_chead_cell_color=&#8221;#626262&#8243; tbl_rhead_cell_color=&#8221;#b7b7b7&#8243; _builder_version=&#8221;4.27.6&#8243; _module_preset=&#8221;default&#8221; tbl_tcell_text_text_color=&#8221;#505050&#8243; tbl_chead_text_text_color=&#8221;#FFFFFF&#8221; tbl_rhead_text_text_color=&#8221;#FFFFFF&#8221; hover_enabled=&#8221;0&#8243; custom_css_tbl_rhead_cells=&#8221;font-color: white !important;||p color: white !important;&#8221; global_colors_info=&#8221;{}&#8221; sticky_enabled=&#8221;0&#8243;][dvmd_table_maker_item col_content=&#8221;Marketing &#038; Sales, Technical Support<br \/>\nMarketing &#038; Communication<br \/>\nCustomer Service<br \/>\nCustomer Service Manager&#8221; col_column_max_width=&#8221;0.6fr&#8221; col_chead_cell_color=&#8221;#626262&#8243; _builder_version=&#8221;4.27.6&#8243; _module_preset=&#8221;default&#8221; col_tcell_text_text_color=&#8221;#505050&#8243; col_chead_text_text_color=&#8221;#FFFFFF&#8221; border_width_all_col_tcell_cell_border=&#8221;0px&#8221; border_color_all_col_tcell_cell_border=&#8221;RGBA(255,255,255,0)&#8221; global_colors_info=&#8221;{}&#8221;][\/dvmd_table_maker_item][dvmd_table_maker_item col_content=&#8221;Bastian Lohmann<br \/>\nAshley Heins<br \/>\nCustomer Service Team<br \/>\nChrissy Witter&#8221; col_column_max_width=&#8221;0.5fr&#8221; _builder_version=&#8221;4.27.6&#8243; _module_preset=&#8221;default&#8221; global_colors_info=&#8221;{}&#8221;][\/dvmd_table_maker_item][dvmd_table_maker_item col_content=&#8221;bastian.lohmann@wedicorp.com<br \/>\nashley.heins@wedicorp.com<br \/>\norder@wedicorp.com<br \/>\nchrissy.witter@wedicorp.com&#8221; col_column_max_width=&#8221;0.5fr&#8221; _builder_version=&#8221;4.27.6&#8243; _module_preset=&#8221;default&#8221; global_colors_info=&#8221;{}&#8221;][\/dvmd_table_maker_item][dvmd_table_maker_item col_content=&#8221;Mobile: 770-366-6835<br \/>\nMobile: 630-642-4410<br \/>\n847-357-9815<br \/>\nMobile: 360-946-7723&#8243; col_column_max_width=&#8221;0.5fr&#8221; _builder_version=&#8221;4.27.6&#8243; _module_preset=&#8221;default&#8221; hover_enabled=&#8221;0&#8243; global_colors_info=&#8221;{}&#8221; sticky_enabled=&#8221;0&#8243;][\/dvmd_table_maker_item][\/dvmd_table_maker][dvmd_table_maker tbl_column_header_count=&#8221;0&#8243; tbl_responsive_breakpoint=&#8221;max_width_767&#8243; tbl_responsive_break_by=&#8221;row&#8221; tbl_responsive_display_as=&#8221;accordion&#8221; tbl_chead_cell_color=&#8221;#626262&#8243; tbl_rhead_cell_color=&#8221;#626262&#8243; _builder_version=&#8221;4.17.4&#8243; _module_preset=&#8221;default&#8221; tbl_tcell_text_text_color=&#8221;#505050&#8243; tbl_chead_text_text_color=&#8221;#FFFFFF&#8221; tbl_rhead_text_text_color=&#8221;#FFFFFF&#8221; global_colors_info=&#8221;{}&#8221;][dvmd_table_maker_item col_content=&#8221;Operations<br \/>\nSupply Chain<br \/>\nPurchasing&#8221; col_column_max_width=&#8221;0.6fr&#8221; col_chead_cell_color=&#8221;#626262&#8243; col_rhead_cell_color=&#8221;#b7b7b7&#8243; _builder_version=&#8221;4.17.4&#8243; _module_preset=&#8221;default&#8221; col_tcell_text_text_color=&#8221;#505050&#8243; col_chead_text_text_color=&#8221;#FFFFFF&#8221; border_width_all_col_tcell_cell_border=&#8221;0px&#8221; border_color_all_col_tcell_cell_border=&#8221;RGBA(255,255,255,0)&#8221; global_colors_info=&#8221;{}&#8221;][\/dvmd_table_maker_item][dvmd_table_maker_item col_content=&#8221;Sebastian Wedig<br \/>\nKatharina Williams<br \/>\nCarol Weiner&#8221; col_column_max_width=&#8221;0.5fr&#8221; _builder_version=&#8221;4.17.4&#8243; _module_preset=&#8221;default&#8221; global_colors_info=&#8221;{}&#8221;][\/dvmd_table_maker_item][dvmd_table_maker_item col_content=&#8221;sebastian.wedig@wedicorp.com<br \/>\nkatharina.williams@wedicorp.com<br \/>\ncarol.weiner@wedicorp.com&#8221; col_column_max_width=&#8221;0.5fr&#8221; _builder_version=&#8221;4.17.4&#8243; _module_preset=&#8221;default&#8221; global_colors_info=&#8221;{}&#8221;][\/dvmd_table_maker_item][dvmd_table_maker_item col_content=&#8221;Mobile: 630-740-5795<br \/>\nMobile:630-824-8452<br \/>\nMobile: 630-488-9006&#8243; col_column_max_width=&#8221;0.5fr&#8221; _builder_version=&#8221;4.17.4&#8243; _module_preset=&#8221;default&#8221; global_colors_info=&#8221;{}&#8221;][\/dvmd_table_maker_item][\/dvmd_table_maker][dvmd_table_maker tbl_column_header_count=&#8221;0&#8243; tbl_responsive_breakpoint=&#8221;max_width_767&#8243; tbl_responsive_break_by=&#8221;row&#8221; tbl_responsive_display_as=&#8221;accordion&#8221; tbl_chead_cell_color=&#8221;#626262&#8243; tbl_rhead_cell_color=&#8221;#b7b7b7&#8243; _builder_version=&#8221;4.19.3&#8243; _module_preset=&#8221;default&#8221; tbl_tcell_text_text_color=&#8221;#505050&#8243; tbl_chead_text_text_color=&#8221;#FFFFFF&#8221; tbl_rhead_text_text_color=&#8221;#FFFFFF&#8221; global_colors_info=&#8221;{}&#8221;][dvmd_table_maker_item col_content=&#8221;General Office&#8221; col_column_max_width=&#8221;0.6fr&#8221; col_chead_cell_color=&#8221;#626262&#8243; _builder_version=&#8221;4.19.3&#8243; _module_preset=&#8221;default&#8221; col_tcell_text_text_color=&#8221;#505050&#8243; col_chead_text_text_color=&#8221;#FFFFFF&#8221; border_width_all_col_tcell_cell_border=&#8221;0px&#8221; border_color_all_col_tcell_cell_border=&#8221;RGBA(255,255,255,0)&#8221; global_colors_info=&#8221;{}&#8221;][\/dvmd_table_maker_item][dvmd_table_maker_item col_content=&#8221;Toll Free 877-933-9334&#8243; col_column_max_width=&#8221;0.5fr&#8221; _builder_version=&#8221;4.19.3&#8243; _module_preset=&#8221;default&#8221; global_colors_info=&#8221;{}&#8221;][\/dvmd_table_maker_item][\/dvmd_table_maker][\/et_pb_column][\/et_pb_row][\/et_pb_section]<\/p>\n","protected":false},"excerpt":{"rendered":"<p>Contacter notre si\u00e8ge socialLes coordonn\u00e9es de notre si\u00e8ge social sont indiqu\u00e9es ci-dessous.  Si vous recherchez une assistance commerciale ou technique, veuillez cliquer ici.<div class=\"et_pb_module dvmd_table_maker dvmd_table_maker_0 dvmd_tm_version_3_1_2\">\n\t\t\t\t\n\t\t\t\t\n\t\t\t\t\n\t\t\t\t\n\t\t\t\t\n\t\t\t\t\n\t\t\t\t<div class=\"et_pb_module_inner\">\n\t\t\t\t\t<div\n                    role=\"table\"\n                    class=\"dvmd_tm_table dvmd_preload dvmd_tm_max_width_767 dvmd_tm_breakby_row dvmd_tm_accordion\"\n                    \n                    \n                    aria-rowcount=\"1\"\n                    aria-colcount=\"2\">\n                        <div class=\"dvmd_tm_tblock dvmd_tm_tblock_0 dvmd_tm_rblock\" role=\"rowgroup\">\n                        <div class=\"dvmd_tm_trow dvmd_tm_trow_0\" role=\"row\" aria-rowindex=\"1\"><div aria-colindex=\"1\" aria-rowindex=\"1\" role=\"rowheader\" class=\"dvmd_table_maker_item_0 dvmd_tm_tcell dvmd_tm_rhead dvmd_tm_col_0 dvmd_tm_row_0 dvmd_tm_bhead dvmd_tm_col_first dvmd_tm_row_first dvmd_tm_col_odd dvmd_tm_row_odd\"><div class=\"dvmd_tm_cdata\">Support technique \/ produit<\/div><span class=\"dvmd_tm_toggle\" tabindex=\"0\" role=\"button\" aria-pressed=\"false\" title=\"Bascule de l&#039;accord\u00e9on 1\" aria-label=\"Bascule de l&#039;accord\u00e9on 1\">\n                <i aria-hidden=\"true\"><\/i>\n            <\/span><\/div>\n<div aria-colindex=\"2\" aria-rowindex=\"1\" role=\"cell\" class=\"dvmd_table_maker_item_1 dvmd_tm_tcell dvmd_tm_tdata dvmd_tm_col_1 dvmd_tm_row_0 dvmd_tm_col_last dvmd_tm_row_first dvmd_tm_col_even dvmd_tm_row_odd\"><div class=\"dvmd_tm_cdata\">Num\u00e9ro gratuit 877-933-9334<\/div><\/div>\n<\/div>\n                    <\/div>\n                <\/div>\n\t\t\t\t<\/div>\n\t\t\t<\/div><div class=\"et_pb_module dvmd_table_maker dvmd_table_maker_1 dvmd_tm_version_3_1_2\">\n\t\t\t\t\n\t\t\t\t\n\t\t\t\t\n\t\t\t\t\n\t\t\t\t\n\t\t\t\t\n\t\t\t\t<div class=\"et_pb_module_inner\">\n\t\t\t\t\t\n\t\t\t\t<\/div>\n\t\t\t<\/div><\/p>","protected":false},"author":3,"featured_media":0,"parent":0,"menu_order":0,"comment_status":"closed","ping_status":"closed","template":"","meta":{"_et_pb_use_builder":"on","_et_pb_old_content":"<!-- wp:divi\/placeholder \/-->","_et_gb_content_width":"","om_disable_all_campaigns":false,"_monsterinsights_skip_tracking":false,"_monsterinsights_sitenote_active":false,"_monsterinsights_sitenote_note":"","_monsterinsights_sitenote_category":0,"footnotes":""},"class_list":["post-861","page","type-page","status-publish","hentry"],"aioseo_notices":[],"wps_subtitle":"","_links":{"self":[{"href":"https:\/\/wedicorp.com\/fr\/wp-json\/wp\/v2\/pages\/861","targetHints":{"allow":["GET"]}}],"collection":[{"href":"https:\/\/wedicorp.com\/fr\/wp-json\/wp\/v2\/pages"}],"about":[{"href":"https:\/\/wedicorp.com\/fr\/wp-json\/wp\/v2\/types\/page"}],"author":[{"embeddable":true,"href":"https:\/\/wedicorp.com\/fr\/wp-json\/wp\/v2\/users\/3"}],"replies":[{"embeddable":true,"href":"https:\/\/wedicorp.com\/fr\/wp-json\/wp\/v2\/comments?post=861"}],"version-history":[{"count":26,"href":"https:\/\/wedicorp.com\/fr\/wp-json\/wp\/v2\/pages\/861\/revisions"}],"predecessor-version":[{"id":291272,"href":"https:\/\/wedicorp.com\/fr\/wp-json\/wp\/v2\/pages\/861\/revisions\/291272"}],"wp:attachment":[{"href":"https:\/\/wedicorp.com\/fr\/wp-json\/wp\/v2\/media?parent=861"}],"curies":[{"name":"wp","href":"https:\/\/api.w.org\/{rel}","templated":true}]}}