{"id":2246,"date":"2022-05-26T19:44:39","date_gmt":"2022-05-26T19:44:39","guid":{"rendered":"https:\/\/wedicorp.com\/?page_id=2246"},"modified":"2024-11-18T12:36:01","modified_gmt":"2024-11-18T20:36:01","slug":"project-showcase","status":"publish","type":"page","link":"https:\/\/wedicorp.com\/es\/project-showcase\/","title":{"rendered":"Proyectos"},"content":{"rendered":"\n[et_pb_section fb_built=&#8221;1&#8243; _builder_version=&#8221;4.17.4&#8243; _module_preset=&#8221;default&#8221; min_height=&#8221;888.5px&#8221; global_colors_info=&#8221;{}&#8221;][et_pb_row _builder_version=&#8221;4.17.4&#8243; _module_preset=&#8221;default&#8221; min_height=&#8221;165.6px&#8221; custom_margin=&#8221;|auto|12px|auto||&#8221; custom_padding=&#8221;1px||0px|||&#8221; global_colors_info=&#8221;{}&#8221;][et_pb_column type=&#8221;4_4&#8243; _builder_version=&#8221;4.17.4&#8243; _module_preset=&#8221;default&#8221; global_colors_info=&#8221;{}&#8221;][et_pb_text _builder_version=&#8221;4.17.4&#8243; _module_preset=&#8221;default&#8221; min_height=&#8221;96.6px&#8221; custom_margin=&#8221;||25px|||&#8221; custom_padding=&#8221;||0px|||&#8221; hover_enabled=&#8221;0&#8243; global_colors_info=&#8221;{}&#8221; sticky_enabled=&#8221;0&#8243;]<h1>Project Showcase<\/h1>\n<p>Here you can view inspiration, design ideas, and completed wedi projects for reference when working on your own custom projects. If you have questions regarding a custom project, contact our customer service line at <strong>1-<\/strong><span><strong>847-357-WEDI (9815)<\/strong> to speak with a Technical Sales Support Manager.\u00a0<\/span><\/p>[\/et_pb_text][\/et_pb_column][\/et_pb_row][et_pb_row _builder_version=&#8221;4.17.4&#8243; _module_preset=&#8221;default&#8221; min_height=&#8221;235.5px&#8221; custom_margin=&#8221;-15px|auto|-66px|auto||&#8221; custom_padding=&#8221;0px|||||&#8221; locked=&#8221;off&#8221; global_colors_info=&#8221;{}&#8221;][et_pb_column type=&#8221;4_4&#8243; _builder_version=&#8221;4.17.4&#8243; _module_preset=&#8221;default&#8221; global_colors_info=&#8221;{}&#8221;][et_pb_text _builder_version=&#8221;4.17.4&#8243; _module_preset=&#8221;default&#8221; text_font=&#8221;|700|||||||&#8221; text_text_color=&#8221;#23a6de&#8221; text_font_size=&#8221;36px&#8221; global_colors_info=&#8221;{}&#8221;]<p>Inspiration<\/p>[\/et_pb_text][et_pb_gallery gallery_ids=&#8221;2249,2250,2472,2474,2487&#8243; show_title_and_caption=&#8221;off&#8221; zoom_icon_color=&#8221;#23a6de&#8221; _builder_version=&#8221;4.17.4&#8243; _module_preset=&#8221;default&#8221; min_height=&#8221;204.3px&#8221; custom_margin=&#8221;||-29px|||&#8221; custom_padding=&#8221;||0px|||&#8221; global_colors_info=&#8221;{}&#8221;][\/et_pb_gallery][\/et_pb_column][\/et_pb_row][et_pb_row _builder_version=&#8221;4.17.4&#8243; _module_preset=&#8221;default&#8221; min_height=&#8221;318.5px&#8221; locked=&#8221;off&#8221; global_colors_info=&#8221;{}&#8221; custom_padding=&#8221;||0px|||&#8221; custom_margin=&#8221;|auto|-235px|auto||&#8221;][et_pb_column type=&#8221;4_4&#8243; _builder_version=&#8221;4.17.4&#8243; _module_preset=&#8221;default&#8221; global_colors_info=&#8221;{}&#8221;][et_pb_text _builder_version=&#8221;4.17.4&#8243; _module_preset=&#8221;default&#8221; text_font=&#8221;|700|||||||&#8221; text_text_color=&#8221;#23a6de&#8221; text_font_size=&#8221;36px&#8221; global_colors_info=&#8221;{}&#8221;]<p>Design Ideas<\/p>[\/et_pb_text][et_pb_gallery gallery_ids=&#8221;832,2483,2488,2489,2146,1166,1076&#8243; show_title_and_caption=&#8221;off&#8221; zoom_icon_color=&#8221;#23a6de&#8221; _builder_version=&#8221;4.17.4&#8243; _module_preset=&#8221;default&#8221; min_height=&#8221;82.3px&#8221; custom_margin=&#8221;||5px|||&#8221; custom_padding=&#8221;||0px|||&#8221; border_radii_image=&#8221;off||||&#8221; global_colors_info=&#8221;{}&#8221;][\/et_pb_gallery][\/et_pb_column][\/et_pb_row][\/et_pb_section]\n","protected":false},"excerpt":{"rendered":"<p>Escaparate de proyectos Aqu\u00ed puede ver inspiraci\u00f3n, ideas de dise\u00f1o y proyectos wedi terminados como referencia cuando trabaje en sus propios proyectos personalizados. Si tiene alguna pregunta sobre un proyecto personalizado, p\u00f3ngase en contacto con nuestro servicio de atenci\u00f3n al cliente llamando al 1-847-357-WEDI (9815) para hablar con un responsable t\u00e9cnico de ventas. Inspiraci\u00f3nIdeas de dise\u00f1o<\/p>","protected":false},"author":3,"featured_media":0,"parent":0,"menu_order":0,"comment_status":"closed","ping_status":"closed","template":"","meta":{"_et_pb_use_builder":"on","_et_pb_old_content":"","_et_gb_content_width":"","om_disable_all_campaigns":false,"_monsterinsights_skip_tracking":false,"_monsterinsights_sitenote_active":false,"_monsterinsights_sitenote_note":"","_monsterinsights_sitenote_category":0,"footnotes":""},"class_list":["post-2246","page","type-page","status-publish","hentry"],"aioseo_notices":[],"wps_subtitle":"","_links":{"self":[{"href":"https:\/\/wedicorp.com\/es\/wp-json\/wp\/v2\/pages\/2246","targetHints":{"allow":["GET"]}}],"collection":[{"href":"https:\/\/wedicorp.com\/es\/wp-json\/wp\/v2\/pages"}],"about":[{"href":"https:\/\/wedicorp.com\/es\/wp-json\/wp\/v2\/types\/page"}],"author":[{"embeddable":true,"href":"https:\/\/wedicorp.com\/es\/wp-json\/wp\/v2\/users\/3"}],"replies":[{"embeddable":true,"href":"https:\/\/wedicorp.com\/es\/wp-json\/wp\/v2\/comments?post=2246"}],"version-history":[{"count":14,"href":"https:\/\/wedicorp.com\/es\/wp-json\/wp\/v2\/pages\/2246\/revisions"}],"predecessor-version":[{"id":288180,"href":"https:\/\/wedicorp.com\/es\/wp-json\/wp\/v2\/pages\/2246\/revisions\/288180"}],"wp:attachment":[{"href":"https:\/\/wedicorp.com\/es\/wp-json\/wp\/v2\/media?parent=2246"}],"curies":[{"name":"wp","href":"https:\/\/api.w.org\/{rel}","templated":true}]}}