{"id":290569,"date":"2025-10-29T14:27:12","date_gmt":"2025-10-29T21:27:12","guid":{"rendered":"https:\/\/wedicorp.com\/?page_id=290569"},"modified":"2025-11-05T12:01:33","modified_gmt":"2025-11-05T20:01:33","slug":"christmas-party","status":"publish","type":"page","link":"https:\/\/wedicorp.com\/en\/christmas-party\/","title":{"rendered":"christmas rsvp"},"content":{"rendered":"<p>[et_pb_section fb_built=&#8221;1&#8243; fullwidth=&#8221;on&#8221; _builder_version=&#8221;4.16&#8243; _module_preset=&#8221;default&#8221; global_colors_info=&#8221;{}&#8221;][\/et_pb_section][et_pb_section fb_built=&#8221;1&#8243; _builder_version=&#8221;4.16&#8243; _module_preset=&#8221;default&#8221; custom_margin=&#8221;||-20px||false|false&#8221; custom_padding=&#8221;||21px|||&#8221; global_colors_info=&#8221;{}&#8221;][et_pb_row _builder_version=&#8221;4.16&#8243; _module_preset=&#8221;default&#8221; global_colors_info=&#8221;{}&#8221;][et_pb_column type=&#8221;4_4&#8243; _builder_version=&#8221;4.16&#8243; _module_preset=&#8221;default&#8221; global_colors_info=&#8221;{}&#8221;][et_pb_text _builder_version=&#8221;4.27.4&#8243; _module_preset=&#8221;default&#8221; custom_margin=&#8221;-27px||14px|||&#8221; global_colors_info=&#8221;{}&#8221;]<\/p>\n<h2>wedi Christmas Party &#8211; RSVP!<\/h2>\n<p>[\/et_pb_text][et_pb_text _builder_version=&#8221;4.27.4&#8243; _module_preset=&#8221;default&#8221; text_font_size=&#8221;16px&#8221; hover_enabled=&#8221;0&#8243; global_colors_info=&#8221;{}&#8221; sticky_enabled=&#8221;0&#8243;]<\/p>\n<p>You&#8217;re invited to wedi&#8217;s annual Christmas Party!<br \/><strong>Date:<\/strong> Friday, December 5th, 2025<br \/><strong>Time:<\/strong> 6:00 pm &#8211; 12:00 am<br \/>Dinner will be at 7:00 pm, join us for dinner and drinks, raffles, games, dancing and years of service awards!<br \/>If you are a wedi employee under the age of 21, please see Natalia.<\/p>\n<p>\u00a1Est\u00e1s invitado a la fiesta de Navidad anual de wedi!<br \/><strong>Fecha:<\/strong> viernes, 5 de diciembre de 2025.<br \/><strong>Hora:<\/strong> 6:00 pm &#8211; 12:00 am<br \/>La cena ser\u00e1 a las 7:00 pm. \u00a1Acomp\u00e1\u00f1anos para disfrutar de cena y bebidas, rifas, juegos, baile y premios por a\u00f1os de servicio!<br \/>Si eres empleado de wedi y menor de 21 a\u00f1os, consulta con Natalia.<\/p>\n<h3><\/h3>\n<p>[\/et_pb_text][\/et_pb_column][\/et_pb_row][et_pb_row _builder_version=&#8221;4.18.0&#8243; _module_preset=&#8221;default&#8221; custom_margin=&#8221;-374px|auto||auto||&#8221; custom_padding=&#8221;||0px|||&#8221; global_colors_info=&#8221;{}&#8221;][et_pb_column type=&#8221;4_4&#8243; _builder_version=&#8221;4.18.0&#8243; _module_preset=&#8221;default&#8221; global_colors_info=&#8221;{}&#8221;][\/et_pb_column][\/et_pb_row][\/et_pb_section][et_pb_section fb_built=&#8221;1&#8243; _builder_version=&#8221;4.16&#8243; _module_preset=&#8221;default&#8221; custom_margin=&#8221;-10px|||||&#8221; custom_padding=&#8221;25px||28px|||&#8221; global_colors_info=&#8221;{}&#8221;][et_pb_row _builder_version=&#8221;4.27.4&#8243; _module_preset=&#8221;default&#8221; custom_margin=&#8221;-21px|auto||auto||&#8221; global_colors_info=&#8221;{}&#8221;][et_pb_column type=&#8221;4_4&#8243; _builder_version=&#8221;4.16&#8243; _module_preset=&#8221;default&#8221; global_colors_info=&#8221;{}&#8221;][et_pb_text _builder_version=&#8221;4.27.4&#8243; _module_preset=&#8221;default&#8221; global_colors_info=&#8221;{}&#8221;]<\/p>\n<p><span><div class=\"wpforms-container wpforms-container-full\" id=\"wpforms-290566\"><form id=\"wpforms-form-290566\" class=\"wpforms-validate wpforms-form wpforms-ajax-form\" data-formid=\"290566\" method=\"post\" enctype=\"multipart\/form-data\" action=\"\/en\/wp-json\/wp\/v2\/pages\/290569\" data-token=\"bc9cc29e695fa114ef936c9aa36af522\" data-token-time=\"1776284805\"><noscript class=\"wpforms-error-noscript\">Please enable JavaScript in your browser to complete this form.<\/noscript><div class=\"wpforms-field-container\">\t\t<div id=\"wpforms-290566-field_2-container\"\n\t\t\tclass=\"wpforms-field wpforms-field-text\"\n\t\t\tdata-field-type=\"text\"\n\t\t\tdata-field-id=\"2\"\n\t\t\t>\n\t\t\t<label class=\"wpforms-field-label\" for=\"wpforms-290566-field_2\" >able un \u00bfTraer\u00e1s<\/label>\n\t\t\t<input type=\"text\" id=\"wpforms-290566-field_2\" class=\"wpforms-field-medium\" name=\"wpforms[fields][2]\" >\n\t\t<\/div>\n\t\t<div id=\"wpforms-290566-field_1-container\" class=\"wpforms-field wpforms-field-name\" data-field-id=\"1\"><label class=\"wpforms-field-label\">Name \/ Nombre <span class=\"wpforms-required-label\">*<\/span><\/label><div class=\"wpforms-field-row wpforms-field-medium\"><div class=\"wpforms-field-row-block wpforms-first wpforms-one-half\"><input type=\"text\" id=\"wpforms-290566-field_1\" class=\"wpforms-field-name-first wpforms-field-required\" name=\"wpforms[fields][1][first]\" required><label for=\"wpforms-290566-field_1\" class=\"wpforms-field-sublabel after\">First<\/label><\/div><div class=\"wpforms-field-row-block wpforms-one-half\"><input type=\"text\" id=\"wpforms-290566-field_1-last\" class=\"wpforms-field-name-last wpforms-field-required\" name=\"wpforms[fields][1][last]\" required><label for=\"wpforms-290566-field_1-last\" class=\"wpforms-field-sublabel after\">Last<\/label><\/div><\/div><\/div><div id=\"wpforms-290566-field_4-container\" class=\"wpforms-field wpforms-field-radio\" data-field-id=\"4\"><label class=\"wpforms-field-label\">Are you able to attend the wedi Christmas party? \/ Can you attend the wedi Christmas party?<\/label><ul id=\"wpforms-290566-field_4\"><li class=\"choice-1 depth-1\"><input type=\"radio\" id=\"wpforms-290566-field_4_1\" name=\"wpforms[fields][4]\" value=\"Yes! \/ \u00a1S\u00ed!\"  ><label class=\"wpforms-field-label-inline\" for=\"wpforms-290566-field_4_1\">Yes! \/ \u00a1S\u00ed!<\/label><\/li><li class=\"choice-2 depth-1\"><input type=\"radio\" id=\"wpforms-290566-field_4_2\" name=\"wpforms[fields][4]\" value=\"No\"  ><label class=\"wpforms-field-label-inline\" for=\"wpforms-290566-field_4_2\">No<\/label><\/li><\/ul><\/div><div id=\"wpforms-290566-field_5-container\" class=\"wpforms-field wpforms-field-radio wpforms-conditional-trigger\" data-field-id=\"5\"><label class=\"wpforms-field-label\">Are you bringing a +1 guest? \/ \u00bfTraer\u00e1s un acompa\u00f1ante? <span class=\"wpforms-required-label\">*<\/span><\/label><ul id=\"wpforms-290566-field_5\" class=\"wpforms-field-required\"><li class=\"choice-1 depth-1\"><input type=\"radio\" id=\"wpforms-290566-field_5_1\" name=\"wpforms[fields][5]\" value=\"Yes! \/ \u00a1S\u00ed!\" required ><label class=\"wpforms-field-label-inline\" for=\"wpforms-290566-field_5_1\">Yes! \/ \u00a1S\u00ed!<\/label><\/li><li class=\"choice-2 depth-1\"><input type=\"radio\" id=\"wpforms-290566-field_5_2\" name=\"wpforms[fields][5]\" value=\"No\" required ><label class=\"wpforms-field-label-inline\" for=\"wpforms-290566-field_5_2\">No<\/label><\/li><\/ul><\/div><div id=\"wpforms-290566-field_6-container\" class=\"wpforms-field wpforms-field-name wpforms-conditional-field wpforms-conditional-show\" data-field-id=\"6\" style=\"display:none;\"><label class=\"wpforms-field-label\">If bringing a +1 guest, what is their name? \/ Si trae un acompa\u00f1ante, \u00bfc\u00f3mo se llama? <span class=\"wpforms-required-label\">*<\/span><\/label><div class=\"wpforms-field-row wpforms-field-medium\"><div class=\"wpforms-field-row-block wpforms-first wpforms-one-half\"><input type=\"text\" id=\"wpforms-290566-field_6\" class=\"wpforms-field-name-first wpforms-field-required\" name=\"wpforms[fields][6][first]\" required><label for=\"wpforms-290566-field_6\" class=\"wpforms-field-sublabel after\">First<\/label><\/div><div class=\"wpforms-field-row-block wpforms-one-half\"><input type=\"text\" id=\"wpforms-290566-field_6-last\" class=\"wpforms-field-name-last wpforms-field-required\" name=\"wpforms[fields][6][last]\" required><label for=\"wpforms-290566-field_6-last\" class=\"wpforms-field-sublabel after\">Last<\/label><\/div><\/div><\/div><script>\n\t\t\t\t( function() {\n\t\t\t\t\tconst style = document.createElement( 'style' );\n\t\t\t\t\tstyle.appendChild( document.createTextNode( '#wpforms-290566-field_2-container { position: absolute !important; overflow: hidden !important; display: inline !important; height: 1px !important; width: 1px !important; z-index: -1000 !important; padding: 0 !important; } #wpforms-290566-field_2-container input { visibility: hidden; } #wpforms-conversational-form-page #wpforms-290566-field_2-container label { counter-increment: none; }' ) );\n\t\t\t\t\tdocument.head.appendChild( style );\n\t\t\t\t\tdocument.currentScript?.remove();\n\t\t\t\t} )();\n\t\t\t<\/script><\/div><!-- .wpforms-field-container --><div class=\"wpforms-submit-container\" ><input type=\"hidden\" name=\"wpforms[id]\" value=\"290566\"><input type=\"hidden\" name=\"page_title\" value=\"\"><input type=\"hidden\" name=\"page_url\" value=\"https:\/\/wedicorp.com\/en\/wp-json\/wp\/v2\/pages\/290569\"><input type=\"hidden\" name=\"url_referer\" value=\"\"><button type=\"submit\" name=\"wpforms[submit]\" id=\"wpforms-submit-290566\" class=\"wpforms-submit\" data-alt-text=\"Sending...\" data-submit-text=\"Submit\" aria-live=\"assertive\" value=\"wpforms-submit\">Submit<\/button><img loading=\"lazy\" decoding=\"async\" src=\"https:\/\/wedicorp.com\/wp-content\/plugins\/wpforms\/assets\/images\/submit-spin.svg\" class=\"wpforms-submit-spinner\" style=\"display: none;\" width=\"26\" height=\"26\" alt=\"Loading\"><\/div><\/form><\/div>  <!-- .wpforms-container --><\/span><\/p>\n<p>[\/et_pb_text][\/et_pb_column][\/et_pb_row][\/et_pb_section][et_pb_section fb_built=&#8221;1&#8243; _builder_version=&#8221;4.16&#8243; _module_preset=&#8221;default&#8221; custom_padding=&#8221;29px|||||&#8221; global_colors_info=&#8221;{}&#8221;][et_pb_row _builder_version=&#8221;4.16&#8243; _module_preset=&#8221;default&#8221; global_colors_info=&#8221;{}&#8221;][et_pb_column type=&#8221;4_4&#8243; _builder_version=&#8221;4.16&#8243; _module_preset=&#8221;default&#8221; global_colors_info=&#8221;{}&#8221;][\/et_pb_column][\/et_pb_row][\/et_pb_section]<\/p>\n","protected":false},"excerpt":{"rendered":"<p>wedi Christmas Party &#8211; RSVP!You&#8217;re invited to wedi&#8217;s annual Christmas Party!Date: Friday, December 5th, 2025Time: 6:00 pm &#8211; 12:00 amDinner will be at 7:00 pm, join us for dinner and drinks, raffles, games, dancing and years of service awards!If you are a wedi employee under the age of 21, please see Natalia. \u00a1Est\u00e1s invitado a [&hellip;]<\/p>\n","protected":false},"author":3,"featured_media":0,"parent":0,"menu_order":0,"comment_status":"closed","ping_status":"closed","template":"","meta":{"_et_pb_use_builder":"on","_et_pb_old_content":"","_et_gb_content_width":"","om_disable_all_campaigns":false,"_monsterinsights_skip_tracking":false,"_monsterinsights_sitenote_active":false,"_monsterinsights_sitenote_note":"","_monsterinsights_sitenote_category":0,"footnotes":""},"class_list":["post-290569","page","type-page","status-publish","hentry"],"aioseo_notices":[],"wps_subtitle":"","_links":{"self":[{"href":"https:\/\/wedicorp.com\/en\/wp-json\/wp\/v2\/pages\/290569","targetHints":{"allow":["GET"]}}],"collection":[{"href":"https:\/\/wedicorp.com\/en\/wp-json\/wp\/v2\/pages"}],"about":[{"href":"https:\/\/wedicorp.com\/en\/wp-json\/wp\/v2\/types\/page"}],"author":[{"embeddable":true,"href":"https:\/\/wedicorp.com\/en\/wp-json\/wp\/v2\/users\/3"}],"replies":[{"embeddable":true,"href":"https:\/\/wedicorp.com\/en\/wp-json\/wp\/v2\/comments?post=290569"}],"version-history":[{"count":5,"href":"https:\/\/wedicorp.com\/en\/wp-json\/wp\/v2\/pages\/290569\/revisions"}],"predecessor-version":[{"id":290595,"href":"https:\/\/wedicorp.com\/en\/wp-json\/wp\/v2\/pages\/290569\/revisions\/290595"}],"wp:attachment":[{"href":"https:\/\/wedicorp.com\/en\/wp-json\/wp\/v2\/media?parent=290569"}],"curies":[{"name":"wp","href":"https:\/\/api.w.org\/{rel}","templated":true}]}}